{"id":35020,"date":"2024-09-06T15:20:49","date_gmt":"2024-09-06T13:20:49","guid":{"rendered":"https:\/\/lightup.lv\/?post_type=product&#038;p=35020"},"modified":"2025-05-30T13:03:15","modified_gmt":"2025-05-30T11:03:15","slug":"sofa-willard-bess","status":"publish","type":"product","link":"https:\/\/lightup.lv\/lt\/precu-katalogs\/divans-willard-bess\/","title":{"rendered":"Sofa Willard, \u0161viesiai sm\u0117lio spalvos"},"content":{"rendered":"<p>Plotis: 236 cm<\/p>\n<p>Auk\u0161tis: 70 cm<\/p>\n<p>Gylis: 98 cm<\/p>\n<p>Med\u017eiaga: 90% poliesteris, 5% medviln\u0117, 5% poliakrilas<\/p>\n<p>Spalva: \u0161viesiai sm\u0117lio spalvos<\/p>\n<p>ID 121330<\/p>","protected":false},"excerpt":{"rendered":"<p>\u201eRowico Home\u201c si\u016blo kokybi\u0161ko dizaino ir tvaraus skandinavi\u0161ko dizaino baldus. Modern\u016bs baldai namams, kuriuose \u0161eima ir draugai gali bendrauti, o valgomojo zona tampa pagrindiniu akcentu. Baldai skirti \u017emon\u0117ms, kuriems svarbiausia kokyb\u0117, o ne kiekyb\u0117.<\/p>","protected":false},"featured_media":35865,"template":"","meta":{"_acf_changed":false},"product_brand":[],"product_cat":[15],"product_tag":[218],"class_list":{"0":"post-35020","1":"product","2":"type-product","3":"status-publish","4":"has-post-thumbnail","6":"product_cat-divani","7":"product_tag-rowico","9":"first","10":"instock","11":"shipping-taxable","12":"purchasable","13":"product-type-simple"},"acf":[],"_links":{"self":[{"href":"https:\/\/lightup.lv\/lt\/wp-json\/wp\/v2\/product\/35020","targetHints":{"allow":["GET"]}}],"collection":[{"href":"https:\/\/lightup.lv\/lt\/wp-json\/wp\/v2\/product"}],"about":[{"href":"https:\/\/lightup.lv\/lt\/wp-json\/wp\/v2\/types\/product"}],"wp:featuredmedia":[{"embeddable":true,"href":"https:\/\/lightup.lv\/lt\/wp-json\/wp\/v2\/media\/35865"}],"wp:attachment":[{"href":"https:\/\/lightup.lv\/lt\/wp-json\/wp\/v2\/media?parent=35020"}],"wp:term":[{"taxonomy":"product_brand","embeddable":true,"href":"https:\/\/lightup.lv\/lt\/wp-json\/wp\/v2\/product_brand?post=35020"},{"taxonomy":"product_cat","embeddable":true,"href":"https:\/\/lightup.lv\/lt\/wp-json\/wp\/v2\/product_cat?post=35020"},{"taxonomy":"product_tag","embeddable":true,"href":"https:\/\/lightup.lv\/lt\/wp-json\/wp\/v2\/product_tag?post=35020"}],"curies":[{"name":"wp","href":"https:\/\/api.w.org\/{rel}","templated":true}]}}