{"id":35052,"date":"2025-08-21T12:51:32","date_gmt":"2025-08-21T10:51:32","guid":{"rendered":"https:\/\/lightup.lv\/?post_type=product&#038;p=35052"},"modified":"2025-08-22T15:36:05","modified_gmt":"2025-08-22T13:36:05","slug":"dune-55-iekarinama-griestu-lampa","status":"publish","type":"product","link":"https:\/\/lightup.lv\/lt\/precu-katalogs\/dune-55-iekarinama-griestu-lampa\/","title":{"rendered":"DUNE 55 pakabinamas \u0161viestuvas, juodas"},"content":{"rendered":"<p>LED, 5 W, 735 lm, 3000K<br \/>\nA: maks. 2000<br \/>\nSkersmuo: 550 mm<br \/>\nSpalva: juoda<br \/>\nMed\u017eiaga: <span class=\"Y2IQFc\" lang=\"lv\">Aliuminis\/polikarbonatas<\/span><\/p>\n<p>ID A4831011NT<\/p>","protected":false},"excerpt":{"rendered":"<p>\u201eArkoslight\u201c kiekvien\u0105 dien\u0105 siekia pasi\u016blyti Jums geriausios \u012fmanomos kokyb\u0117s ap\u0161vietim\u0105. Produktai yra kruop\u0161\u010diai tiriami, juos kuriant naudojamos naujausios technologijos, o jiems b\u016bdingas puikus dizainas, atitinkantis auk\u0161\u010diausius kokyb\u0117s tikslus. \u0160viesa yra pagrindinis \u012fmon\u0117s elementas nuo 1984 m., kasdien \u0161viesinantis klient\u0173 gyvenim\u0105.<\/p>","protected":false},"featured_media":36727,"template":"","meta":{"_acf_changed":false},"product_brand":[],"product_cat":[42,43],"product_tag":[123],"class_list":{"0":"post-35052","1":"product","2":"type-product","3":"status-publish","4":"has-post-thumbnail","6":"product_cat-apgaismojums","7":"product_cat-piekaramas-lampas","8":"product_tag-arkoslight","10":"first","11":"instock","12":"shipping-taxable","13":"purchasable","14":"product-type-simple"},"acf":[],"_links":{"self":[{"href":"https:\/\/lightup.lv\/lt\/wp-json\/wp\/v2\/product\/35052","targetHints":{"allow":["GET"]}}],"collection":[{"href":"https:\/\/lightup.lv\/lt\/wp-json\/wp\/v2\/product"}],"about":[{"href":"https:\/\/lightup.lv\/lt\/wp-json\/wp\/v2\/types\/product"}],"wp:featuredmedia":[{"embeddable":true,"href":"https:\/\/lightup.lv\/lt\/wp-json\/wp\/v2\/media\/36727"}],"wp:attachment":[{"href":"https:\/\/lightup.lv\/lt\/wp-json\/wp\/v2\/media?parent=35052"}],"wp:term":[{"taxonomy":"product_brand","embeddable":true,"href":"https:\/\/lightup.lv\/lt\/wp-json\/wp\/v2\/product_brand?post=35052"},{"taxonomy":"product_cat","embeddable":true,"href":"https:\/\/lightup.lv\/lt\/wp-json\/wp\/v2\/product_cat?post=35052"},{"taxonomy":"product_tag","embeddable":true,"href":"https:\/\/lightup.lv\/lt\/wp-json\/wp\/v2\/product_tag?post=35052"}],"curies":[{"name":"wp","href":"https:\/\/api.w.org\/{rel}","templated":true}]}}