{"id":35306,"date":"2025-01-31T15:03:35","date_gmt":"2025-01-31T13:03:35","guid":{"rendered":"https:\/\/lightup.lv\/?post_type=product&#038;p=35306"},"modified":"2025-11-19T16:34:03","modified_gmt":"2025-11-19T14:34:03","slug":"pagarinams-galds-eclipse-bess","status":"publish","type":"product","link":"https:\/\/lightup.lv\/lt\/produktu-katalogas\/pagarinams-galds-eclipse-bess\/","title":{"rendered":"I\u0161traukiamas stalas ECLIPSE, sm\u0117lio spalvos"},"content":{"rendered":"<p>Galda virsma: Balin\u0101ts ozols<br \/>\nGalda k\u0101jas: Met\u0101ls (b\u0113\u0161s)<\/p>\n<p>Spalva: balta\/sm\u0117lio spalvos<br \/>\nMateri\u0101ls: MDF, finieris<br \/>\nAuk\u0161tis: 76 cm<br \/>\nPlotis: 110 cm<br \/>\nIlgis: 200\u2013300 cm<br \/>\nGrynasis svoris: 74 kg<\/p>\n<p>ID 400801506<\/p>","protected":false},"excerpt":{"rendered":"<p>Eleganti\u0161kas ECLIPSE stalas yra gra\u017eios ovalo formos su siaur\u0117jan\u010diomis kojel\u0117mis. Jis tinka tiek valgomajam, tiek biurui. ECLIPSE stalas turi 2 prailginimus, kurie pailgina stalo ilg\u012f nuo 2 iki 3 metr\u0173. Pilnai i\u0161skleistame stale telpa 12\u201314 k\u0117d\u017ei\u0173. Prailginimus lengva sumontuoti, nes stalvir\u0161is yra ant metalini\u0173 b\u0117geli\u0173, kurie leid\u017eia jas lengvai i\u0161stumti. Prailginimai laikomi atskirai \u0161alia stalo. Atkreipkite d\u0117mes\u012f, kad kojel\u0117s u\u017esakomos atskirai.<\/p>","protected":false},"featured_media":35307,"template":"","meta":{"_acf_changed":false},"product_brand":[],"product_cat":[213,22,23],"product_tag":[37],"class_list":{"0":"post-35306","1":"product","2":"type-product","3":"status-publish","4":"has-post-thumbnail","6":"product_cat-salona-pieejams","7":"product_cat-galdi","8":"product_cat-pusdienu-galdi","9":"product_tag-dan-form","11":"first","12":"instock","13":"shipping-taxable","14":"purchasable","15":"product-type-simple"},"acf":[],"_links":{"self":[{"href":"https:\/\/lightup.lv\/lt\/wp-json\/wp\/v2\/product\/35306","targetHints":{"allow":["GET"]}}],"collection":[{"href":"https:\/\/lightup.lv\/lt\/wp-json\/wp\/v2\/product"}],"about":[{"href":"https:\/\/lightup.lv\/lt\/wp-json\/wp\/v2\/types\/product"}],"wp:featuredmedia":[{"embeddable":true,"href":"https:\/\/lightup.lv\/lt\/wp-json\/wp\/v2\/media\/35307"}],"wp:attachment":[{"href":"https:\/\/lightup.lv\/lt\/wp-json\/wp\/v2\/media?parent=35306"}],"wp:term":[{"taxonomy":"product_brand","embeddable":true,"href":"https:\/\/lightup.lv\/lt\/wp-json\/wp\/v2\/product_brand?post=35306"},{"taxonomy":"product_cat","embeddable":true,"href":"https:\/\/lightup.lv\/lt\/wp-json\/wp\/v2\/product_cat?post=35306"},{"taxonomy":"product_tag","embeddable":true,"href":"https:\/\/lightup.lv\/lt\/wp-json\/wp\/v2\/product_tag?post=35306"}],"curies":[{"name":"wp","href":"https:\/\/api.w.org\/{rel}","templated":true}]}}