{"id":35649,"date":"2025-05-09T14:51:05","date_gmt":"2025-05-09T12:51:05","guid":{"rendered":"https:\/\/lightup.lv\/?post_type=product&#038;p=35649"},"modified":"2025-05-09T14:51:06","modified_gmt":"2025-05-09T12:51:06","slug":"kafijas-galdinu-komplekts-yumi","status":"publish","type":"product","link":"https:\/\/lightup.lv\/lt\/precu-katalogs\/kafijas-galdinu-komplekts-yumi\/","title":{"rendered":"Kavos staliuk\u0173 komplektas Yumi"},"content":{"rendered":"<div>\n<p class=\"tw-data-text tw-text-large tw-ta\" dir=\"ltr\" data-placeholder=\"Tulkojums\" data-ved=\"2ahUKEwibn4-iopaNAxVDSvEDHQa6HBMQ3ewLegQICRAV\" aria-label=\"I\u0161verstas tekstas: Stalvir\u0161is i\u0161 MDF plok\u0161t\u0117s su \u0105\u017euolo fanera, kra\u0161tai i\u0161 \u0105\u017euolo masyvo. Centrin\u0117s koj\u0173 plok\u0161t\u0117s su frezuotais grioveliais i\u0161 \u0105\u017euolo masyvo.\"><span class=\"Y2IQFc\" lang=\"lv\">Galda virsmas materi\u0101ls: <\/span><span class=\"Y2IQFc\" lang=\"lv\">MDF ar ozola finieris<\/span><\/p>\n<p class=\"tw-data-text tw-text-large tw-ta\" dir=\"ltr\" data-placeholder=\"Tulkojums\" data-ved=\"2ahUKEwibn4-iopaNAxVDSvEDHQa6HBMQ3ewLegQICRAV\" aria-label=\"I\u0161verstas tekstas: Stalvir\u0161is i\u0161 MDF plok\u0161t\u0117s su \u0105\u017euolo fanera, kra\u0161tai i\u0161 \u0105\u017euolo masyvo. Centrin\u0117s koj\u0173 plok\u0161t\u0117s su frezuotais grioveliais i\u0161 \u0105\u017euolo masyvo.\"><span class=\"Y2IQFc\" lang=\"lv\">Balsta k\u0101jas materi\u0101ls: Ozola mas\u012bvkoks<\/span><\/p>\n<\/div>\n<p class=\"col\">Garums: 50 cm<\/p>\n<p class=\"col\">Platums: 50 cm<\/p>\n<p class=\"col\">Augsrums: 45 cm<\/p>\n<p class=\"col\">Galda vrismas biezums (cm): 1.8 cm<\/p>\n<p class=\"col\">ID: 120100<\/p>","protected":false},"excerpt":{"rendered":"<p>Galda virsmas materi\u0101ls: MDF ar ozola finieris Balsta k\u0101jas materi\u0101ls: Ozola mas\u012bvkoks Garums: 50 cm Platums: 50 cm Augsrums: 45 cm Galda vrismas biezums (cm): 1.8 cm ID: 120100<\/p>","protected":false},"featured_media":35651,"template":"","meta":{"_acf_changed":false},"product_brand":[],"product_cat":[22,109],"product_tag":[218],"class_list":{"0":"post-35649","1":"product","2":"type-product","3":"status-publish","4":"has-post-thumbnail","6":"product_cat-galdi","7":"product_cat-zurnalu-galdini-galdi","8":"product_tag-rowico","10":"first","11":"instock","12":"shipping-taxable","13":"purchasable","14":"product-type-simple"},"acf":[],"_links":{"self":[{"href":"https:\/\/lightup.lv\/lt\/wp-json\/wp\/v2\/product\/35649","targetHints":{"allow":["GET"]}}],"collection":[{"href":"https:\/\/lightup.lv\/lt\/wp-json\/wp\/v2\/product"}],"about":[{"href":"https:\/\/lightup.lv\/lt\/wp-json\/wp\/v2\/types\/product"}],"wp:featuredmedia":[{"embeddable":true,"href":"https:\/\/lightup.lv\/lt\/wp-json\/wp\/v2\/media\/35651"}],"wp:attachment":[{"href":"https:\/\/lightup.lv\/lt\/wp-json\/wp\/v2\/media?parent=35649"}],"wp:term":[{"taxonomy":"product_brand","embeddable":true,"href":"https:\/\/lightup.lv\/lt\/wp-json\/wp\/v2\/product_brand?post=35649"},{"taxonomy":"product_cat","embeddable":true,"href":"https:\/\/lightup.lv\/lt\/wp-json\/wp\/v2\/product_cat?post=35649"},{"taxonomy":"product_tag","embeddable":true,"href":"https:\/\/lightup.lv\/lt\/wp-json\/wp\/v2\/product_tag?post=35649"}],"curies":[{"name":"wp","href":"https:\/\/api.w.org\/{rel}","templated":true}]}}