{"id":35657,"date":"2025-05-09T14:57:08","date_gmt":"2025-05-09T12:57:08","guid":{"rendered":"https:\/\/lightup.lv\/?post_type=product&#038;p=35657"},"modified":"2025-05-09T14:57:09","modified_gmt":"2025-05-09T12:57:09","slug":"kafijas-galds-sullivan-60-cm-bruns","status":"publish","type":"product","link":"https:\/\/lightup.lv\/lt\/precu-katalogs\/kafijas-galds-sullivan-60-cm-bruns\/","title":{"rendered":"Kavos staliukas Sullivan 60 cm, rudas"},"content":{"rendered":"<div>\n<p id=\"tw-target-text\" class=\"tw-data-text tw-text-large tw-ta\" dir=\"ltr\" data-placeholder=\"Tulkojums\" data-ved=\"2ahUKEwibn4-iopaNAxVDSvEDHQa6HBMQ3ewLegQICRAV\" aria-label=\"I\u0161verstas tekstas: Stalvir\u0161is i\u0161 MDF plok\u0161t\u0117s su \u0105\u017euolo fanera, kra\u0161tai i\u0161 \u0105\u017euolo masyvo. Centrin\u0117s koj\u0173 plok\u0161t\u0117s su frezuotais grioveliais i\u0161 \u0105\u017euolo masyvo.\"><span class=\"Y2IQFc\" lang=\"lv\">Galda virsmas materi\u0101ls: MDF ar ozola finier\u0113jumu, mala ozola mas\u012bvkoka.<\/span><\/p>\n<p class=\"tw-data-text tw-text-large tw-ta\" dir=\"ltr\" data-placeholder=\"Tulkojums\" data-ved=\"2ahUKEwibn4-iopaNAxVDSvEDHQa6HBMQ3ewLegQICRAV\" aria-label=\"I\u0161verstas tekstas: Stalvir\u0161is i\u0161 MDF plok\u0161t\u0117s su \u0105\u017euolo fanera, kra\u0161tai i\u0161 \u0105\u017euolo masyvo. Centrin\u0117s koj\u0173 plok\u0161t\u0117s su frezuotais grioveliais i\u0161 \u0105\u017euolo masyvo.\"><span class=\"Y2IQFc\" lang=\"lv\">Balsta k\u0101ja un pane\u013ci: Ozola mas\u012bvkoks ar fr\u0113z\u0113t\u0101m riev\u0101m.<\/span><\/p>\n<\/div>\n<p class=\"col\">Garums: 60 cm<\/p>\n<p class=\"col\">Platums: 60 cm<\/p>\n<p class=\"col\">Augsrums :37 cm<\/p>\n<p class=\"col\">Galda vrismas biezums (cm): 1.8 cm<\/p>\n<p class=\"col\">ID: 120105<\/p>","protected":false},"excerpt":{"rendered":"<p>Galda virsmas materi\u0101ls: MDF ar ozola finier\u0113jumu, mala ozola mas\u012bvkoka. Balsta k\u0101ja un pane\u013ci: Ozola mas\u012bvkoks ar fr\u0113z\u0113t\u0101m riev\u0101m. Garums: 60 cm Platums: 60 cm Augsrums :37 cm Galda vrismas biezums (cm): 1.8 cm ID: 120105<\/p>","protected":false},"featured_media":35658,"template":"","meta":{"_acf_changed":false},"product_brand":[],"product_cat":[22,109],"product_tag":[218],"class_list":{"0":"post-35657","1":"product","2":"type-product","3":"status-publish","4":"has-post-thumbnail","6":"product_cat-galdi","7":"product_cat-zurnalu-galdini-galdi","8":"product_tag-rowico","10":"first","11":"instock","12":"shipping-taxable","13":"purchasable","14":"product-type-simple"},"acf":[],"_links":{"self":[{"href":"https:\/\/lightup.lv\/lt\/wp-json\/wp\/v2\/product\/35657","targetHints":{"allow":["GET"]}}],"collection":[{"href":"https:\/\/lightup.lv\/lt\/wp-json\/wp\/v2\/product"}],"about":[{"href":"https:\/\/lightup.lv\/lt\/wp-json\/wp\/v2\/types\/product"}],"wp:featuredmedia":[{"embeddable":true,"href":"https:\/\/lightup.lv\/lt\/wp-json\/wp\/v2\/media\/35658"}],"wp:attachment":[{"href":"https:\/\/lightup.lv\/lt\/wp-json\/wp\/v2\/media?parent=35657"}],"wp:term":[{"taxonomy":"product_brand","embeddable":true,"href":"https:\/\/lightup.lv\/lt\/wp-json\/wp\/v2\/product_brand?post=35657"},{"taxonomy":"product_cat","embeddable":true,"href":"https:\/\/lightup.lv\/lt\/wp-json\/wp\/v2\/product_cat?post=35657"},{"taxonomy":"product_tag","embeddable":true,"href":"https:\/\/lightup.lv\/lt\/wp-json\/wp\/v2\/product_tag?post=35657"}],"curies":[{"name":"wp","href":"https:\/\/api.w.org\/{rel}","templated":true}]}}