{"id":35681,"date":"2025-05-13T10:24:07","date_gmt":"2025-05-13T08:24:07","guid":{"rendered":"https:\/\/lightup.lv\/?post_type=product&#038;p=35681"},"modified":"2025-05-13T10:27:15","modified_gmt":"2025-05-13T08:27:15","slug":"pusdienu-galds-calverton","status":"publish","type":"product","link":"https:\/\/lightup.lv\/lt\/precu-katalogs\/pusdienu-galds-calverton\/","title":{"rendered":"Valgomojo stalas Calverton"},"content":{"rendered":"<div>\n<p id=\"tw-target-text\" class=\"tw-data-text tw-text-large tw-ta\" dir=\"ltr\" data-placeholder=\"Tulkojums\" data-ved=\"2ahUKEwibn4-iopaNAxVDSvEDHQa6HBMQ3ewLegQICRAV\" aria-label=\"I\u0161verstas tekstas: Stalvir\u0161is i\u0161 MDF plok\u0161t\u0117s su \u0105\u017euolo fanera, kra\u0161tai i\u0161 \u0105\u017euolo masyvo. Centrin\u0117s koj\u0173 plok\u0161t\u0117s su frezuotais grioveliais i\u0161 \u0105\u017euolo masyvo.\"><span class=\"Y2IQFc\" lang=\"lv\">Galda virsmas materi\u0101ls: MDF ar ozola finier\u0113jumu.<\/span><\/p>\n<p class=\"tw-data-text tw-text-large tw-ta\" dir=\"ltr\" data-placeholder=\"Tulkojums\" data-ved=\"2ahUKEwibn4-iopaNAxVDSvEDHQa6HBMQ3ewLegQICRAV\" aria-label=\"I\u0161verstas tekstas: Stalvir\u0161is i\u0161 MDF plok\u0161t\u0117s su \u0105\u017euolo fanera, kra\u0161tai i\u0161 \u0105\u017euolo masyvo. Centrin\u0117s koj\u0173 plok\u0161t\u0117s su frezuotais grioveliais i\u0161 \u0105\u017euolo masyvo.\"><span class=\"Y2IQFc\" lang=\"lv\">Balsta k\u0101ju materi\u0101ls: Ozola mas\u012bvkoks.<\/span><\/p>\n<\/div>\n<p class=\"col\">Garums: 120 cm<\/p>\n<p class=\"col\">Platums: 120 cm<\/p>\n<p class=\"col\">Auk\u0161tis: 75 cm<\/p>\n<p class=\"col\">Galda vrismas biezums (cm): 2.5 cm<\/p>\n<p class=\"col\">ID 120652<\/p>","protected":false},"excerpt":{"rendered":"<p>Galda virsmas materi\u0101ls: MDF ar ozola finier\u0113jumu. Balsta k\u0101ju materi\u0101ls: Ozola mas\u012bvkoks. Garums: 120 cm Platums: 120 cm Augstums: 75 cm Galda vrismas biezums (cm): 2.5 cm ID 120652<\/p>","protected":false},"featured_media":35683,"template":"","meta":{"_acf_changed":false},"product_brand":[],"product_cat":[22,23],"product_tag":[218],"class_list":{"0":"post-35681","1":"product","2":"type-product","3":"status-publish","4":"has-post-thumbnail","6":"product_cat-galdi","7":"product_cat-pusdienu-galdi","8":"product_tag-rowico","10":"first","11":"instock","12":"shipping-taxable","13":"purchasable","14":"product-type-simple"},"acf":[],"_links":{"self":[{"href":"https:\/\/lightup.lv\/lt\/wp-json\/wp\/v2\/product\/35681","targetHints":{"allow":["GET"]}}],"collection":[{"href":"https:\/\/lightup.lv\/lt\/wp-json\/wp\/v2\/product"}],"about":[{"href":"https:\/\/lightup.lv\/lt\/wp-json\/wp\/v2\/types\/product"}],"wp:featuredmedia":[{"embeddable":true,"href":"https:\/\/lightup.lv\/lt\/wp-json\/wp\/v2\/media\/35683"}],"wp:attachment":[{"href":"https:\/\/lightup.lv\/lt\/wp-json\/wp\/v2\/media?parent=35681"}],"wp:term":[{"taxonomy":"product_brand","embeddable":true,"href":"https:\/\/lightup.lv\/lt\/wp-json\/wp\/v2\/product_brand?post=35681"},{"taxonomy":"product_cat","embeddable":true,"href":"https:\/\/lightup.lv\/lt\/wp-json\/wp\/v2\/product_cat?post=35681"},{"taxonomy":"product_tag","embeddable":true,"href":"https:\/\/lightup.lv\/lt\/wp-json\/wp\/v2\/product_tag?post=35681"}],"curies":[{"name":"wp","href":"https:\/\/api.w.org\/{rel}","templated":true}]}}