{"id":35698,"date":"2025-05-13T11:00:22","date_gmt":"2025-05-13T09:00:22","guid":{"rendered":"https:\/\/lightup.lv\/?post_type=product&#038;p=35698"},"modified":"2025-05-13T11:00:24","modified_gmt":"2025-05-13T09:00:24","slug":"pagarinams-pusdienu-galds-tyler","status":"publish","type":"product","link":"https:\/\/lightup.lv\/lt\/precu-katalogs\/pagarinams-pusdienu-galds-tyler\/","title":{"rendered":"I\u0161traukiamas valgomojo stalas Tyler"},"content":{"rendered":"<div>\n<p id=\"tw-target-text\" class=\"tw-data-text tw-text-large tw-ta\" dir=\"ltr\" data-placeholder=\"Tulkojums\" data-ved=\"2ahUKEwibn4-iopaNAxVDSvEDHQa6HBMQ3ewLegQICRAV\" aria-label=\"I\u0161verstas tekstas: Stalvir\u0161is i\u0161 MDF plok\u0161t\u0117s su \u0105\u017euolo fanera, kra\u0161tai i\u0161 \u0105\u017euolo masyvo. Centrin\u0117s koj\u0173 plok\u0161t\u0117s su frezuotais grioveliais i\u0161 \u0105\u017euolo masyvo.\"><span class=\"Y2IQFc\" lang=\"lv\">Galda virsmas materi\u0101ls: Ozola mas\u012bvkoks.<\/span><\/p>\n<p class=\"tw-data-text tw-text-large tw-ta\" dir=\"ltr\" data-placeholder=\"Tulkojums\" data-ved=\"2ahUKEwibn4-iopaNAxVDSvEDHQa6HBMQ3ewLegQICRAV\" aria-label=\"I\u0161verstas tekstas: Stalvir\u0161is i\u0161 MDF plok\u0161t\u0117s su \u0105\u017euolo fanera, kra\u0161tai i\u0161 \u0105\u017euolo masyvo. Centrin\u0117s koj\u0173 plok\u0161t\u0117s su frezuotais grioveliais i\u0161 \u0105\u017euolo masyvo.\"><span class=\"Y2IQFc\" lang=\"lv\">Balsta k\u0101ju materi\u0101ls: Ozola mas\u012bvkoks.<\/span><\/p>\n<\/div>\n<p class=\"col\">Ilgis: 170 cm<\/p>\n<p class=\"col\">Plotis: 105 cm<\/p>\n<p class=\"col\">Auk\u0161tis: 74 cm<\/p>\n<p>Maksim\u0101lais garums: 250 cm<\/p>\n<p class=\"col\">Galda vrismas biezums (cm): 1.9 cm<\/p>\n<p>Komplekt\u0101 viens pagarin\u0101juma modulis: 40 cm<\/p>\n<p class=\"col\">ID 119712<\/p>","protected":false},"excerpt":{"rendered":"<p>Galda virsmas materi\u0101ls: Ozola mas\u012bvkoks. Balsta k\u0101ju materi\u0101ls: Ozola mas\u012bvkoks. Garums: 170 cm Platums: 105 cm Augstums: 74 cm Maksim\u0101lais garums: 250 cm Galda vrismas biezums (cm): 1.9 cm Komplekt\u0101 viens pagarin\u0101juma modulis: 40 cm ID 119712<\/p>","protected":false},"featured_media":35699,"template":"","meta":{"_acf_changed":false},"product_brand":[],"product_cat":[22,23],"product_tag":[218],"class_list":{"0":"post-35698","1":"product","2":"type-product","3":"status-publish","4":"has-post-thumbnail","6":"product_cat-galdi","7":"product_cat-pusdienu-galdi","8":"product_tag-rowico","10":"first","11":"instock","12":"shipping-taxable","13":"purchasable","14":"product-type-simple"},"acf":[],"_links":{"self":[{"href":"https:\/\/lightup.lv\/lt\/wp-json\/wp\/v2\/product\/35698","targetHints":{"allow":["GET"]}}],"collection":[{"href":"https:\/\/lightup.lv\/lt\/wp-json\/wp\/v2\/product"}],"about":[{"href":"https:\/\/lightup.lv\/lt\/wp-json\/wp\/v2\/types\/product"}],"wp:featuredmedia":[{"embeddable":true,"href":"https:\/\/lightup.lv\/lt\/wp-json\/wp\/v2\/media\/35699"}],"wp:attachment":[{"href":"https:\/\/lightup.lv\/lt\/wp-json\/wp\/v2\/media?parent=35698"}],"wp:term":[{"taxonomy":"product_brand","embeddable":true,"href":"https:\/\/lightup.lv\/lt\/wp-json\/wp\/v2\/product_brand?post=35698"},{"taxonomy":"product_cat","embeddable":true,"href":"https:\/\/lightup.lv\/lt\/wp-json\/wp\/v2\/product_cat?post=35698"},{"taxonomy":"product_tag","embeddable":true,"href":"https:\/\/lightup.lv\/lt\/wp-json\/wp\/v2\/product_tag?post=35698"}],"curies":[{"name":"wp","href":"https:\/\/api.w.org\/{rel}","templated":true}]}}