{"id":35853,"date":"2025-05-30T12:29:09","date_gmt":"2025-05-30T10:29:09","guid":{"rendered":"https:\/\/lightup.lv\/?post_type=product&#038;p=35853"},"modified":"2025-05-30T12:45:04","modified_gmt":"2025-05-30T10:45:04","slug":"divans-willard-gaisi-bess","status":"publish","type":"product","link":"https:\/\/lightup.lv\/lt\/precu-katalogs\/divans-willard-gaisi-bess\/","title":{"rendered":"Willard sofa, (kair\u0117je), \u0161viesiai sm\u0117lio spalvos"},"content":{"rendered":"<p>Plotis: 312 cm<\/p>\n<p>Auk\u0161tis: 70 cm<\/p>\n<p>Gylis: 161 cm<\/p>\n<p>Med\u017eiaga: <span class=\"Y2IQFc\" lang=\"lv\">90% poliesters, 5% kokvilna, 5% poliakrils<\/span><\/p>\n<p>Spalva: \u0161viesiai sm\u0117lio spalvos<\/p>\n<p>ID 121337<\/p>","protected":false},"excerpt":{"rendered":"<p>\u201eRowico Home\u201c si\u016blo kokybi\u0161ko dizaino ir tvaraus skandinavi\u0161ko dizaino baldus. Modern\u016bs baldai namams, kuriuose \u0161eima ir draugai gali bendrauti, o valgomojo zona tampa pagrindiniu akcentu. Baldai skirti \u017emon\u0117ms, kuriems svarbiausia kokyb\u0117, o ne kiekyb\u0117.<\/p>","protected":false},"featured_media":35854,"template":"","meta":{"_acf_changed":false},"product_brand":[],"product_cat":[15],"product_tag":[218],"class_list":{"0":"post-35853","1":"product","2":"type-product","3":"status-publish","4":"has-post-thumbnail","6":"product_cat-divani","7":"product_tag-rowico","9":"first","10":"instock","11":"shipping-taxable","12":"purchasable","13":"product-type-simple"},"acf":[],"_links":{"self":[{"href":"https:\/\/lightup.lv\/lt\/wp-json\/wp\/v2\/product\/35853","targetHints":{"allow":["GET"]}}],"collection":[{"href":"https:\/\/lightup.lv\/lt\/wp-json\/wp\/v2\/product"}],"about":[{"href":"https:\/\/lightup.lv\/lt\/wp-json\/wp\/v2\/types\/product"}],"wp:featuredmedia":[{"embeddable":true,"href":"https:\/\/lightup.lv\/lt\/wp-json\/wp\/v2\/media\/35854"}],"wp:attachment":[{"href":"https:\/\/lightup.lv\/lt\/wp-json\/wp\/v2\/media?parent=35853"}],"wp:term":[{"taxonomy":"product_brand","embeddable":true,"href":"https:\/\/lightup.lv\/lt\/wp-json\/wp\/v2\/product_brand?post=35853"},{"taxonomy":"product_cat","embeddable":true,"href":"https:\/\/lightup.lv\/lt\/wp-json\/wp\/v2\/product_cat?post=35853"},{"taxonomy":"product_tag","embeddable":true,"href":"https:\/\/lightup.lv\/lt\/wp-json\/wp\/v2\/product_tag?post=35853"}],"curies":[{"name":"wp","href":"https:\/\/api.w.org\/{rel}","templated":true}]}}