{"id":3587,"date":"2020-05-02T10:29:06","date_gmt":"2020-05-02T10:29:06","guid":{"rendered":"https:\/\/lightup.lv\/product\/lita-sienas-lampa-2\/"},"modified":"2024-01-15T12:19:41","modified_gmt":"2024-01-15T12:19:41","slug":"lita-sienas-lampa-2","status":"publish","type":"product","link":"https:\/\/lightup.lv\/lt\/produktu-katalogas\/lita-sienas-lampa-2\/","title":{"rendered":"Lita sienas lampa"},"content":{"rendered":"<p>G9 1 x 28 W maks.<br \/>\nGarums: 12 cm<br \/>\nPlatums: 10 cm<br \/>\nH: min 30 cm<br \/>\nSpalva: matin\u0117 auksin\u0117, gintaro spalvos<br \/>\nMed\u017eiaga: metalas, stiklas<\/p>\n<p> ID H002WL-01G<\/p>","protected":false},"excerpt":{"rendered":"<p>\u201eMaytoni\u201c \u2013 jauna, dinami\u0161ka vokie\u010di\u0173 \u012fmon\u0117, nuo 2009 m. populiari 32 \u0161alyse. \u201eMaytoni\u201c misija \u2013 gaminti \u0161viestuvus, derinan\u010dius skirtingus stilius, unikal\u0173 dizain\u0105, tobulas proporcijas ir madingus, funkcionalius sprendimus. \u201eMaytoni\u201c si\u016blo tiek vidaus, tiek lauko, dekoratyvin\u012f ir technin\u012f ap\u0161vietim\u0105, kuris sukuria skoningus dizaino sprendimus ir atmosfer\u0105 su blizgesiu. \u201eLightUp\u201c tiesiogiai bendradarbiauja su \u201eMaytoni\u201c ir pristatys jus dominan\u010dius \u201eMaytoni\u201c gaminius.<\/p>","protected":false},"featured_media":3588,"template":"","meta":{"_acf_changed":false},"product_brand":[],"product_cat":[42,49],"product_tag":[82],"class_list":{"0":"post-3587","1":"product","2":"type-product","3":"status-publish","4":"has-post-thumbnail","6":"product_cat-apgaismojums","7":"product_cat-sienas-lampas","8":"product_tag-maytoni","10":"first","11":"instock","12":"shipping-taxable","13":"purchasable","14":"product-type-simple"},"acf":[],"_links":{"self":[{"href":"https:\/\/lightup.lv\/lt\/wp-json\/wp\/v2\/product\/3587","targetHints":{"allow":["GET"]}}],"collection":[{"href":"https:\/\/lightup.lv\/lt\/wp-json\/wp\/v2\/product"}],"about":[{"href":"https:\/\/lightup.lv\/lt\/wp-json\/wp\/v2\/types\/product"}],"wp:featuredmedia":[{"embeddable":true,"href":"https:\/\/lightup.lv\/lt\/wp-json\/wp\/v2\/media\/3588"}],"wp:attachment":[{"href":"https:\/\/lightup.lv\/lt\/wp-json\/wp\/v2\/media?parent=3587"}],"wp:term":[{"taxonomy":"product_brand","embeddable":true,"href":"https:\/\/lightup.lv\/lt\/wp-json\/wp\/v2\/product_brand?post=3587"},{"taxonomy":"product_cat","embeddable":true,"href":"https:\/\/lightup.lv\/lt\/wp-json\/wp\/v2\/product_cat?post=3587"},{"taxonomy":"product_tag","embeddable":true,"href":"https:\/\/lightup.lv\/lt\/wp-json\/wp\/v2\/product_tag?post=3587"}],"curies":[{"name":"wp","href":"https:\/\/api.w.org\/{rel}","templated":true}]}}