{"id":35894,"date":"2025-05-30T16:14:02","date_gmt":"2025-05-30T14:14:02","guid":{"rendered":"https:\/\/lightup.lv\/?post_type=product&#038;p=35894"},"modified":"2025-05-30T16:14:03","modified_gmt":"2025-05-30T14:14:03","slug":"norris-sofa-balta-2","status":"publish","type":"product","link":"https:\/\/lightup.lv\/lt\/precu-katalogs\/divans-norris-balts-2\/","title":{"rendered":"Sofa Norris, balta"},"content":{"rendered":"<p>Plotis: 226 cm<\/p>\n<p>Auk\u0161tis: 80 cm<\/p>\n<p>Gylis: 102 cm<\/p>\n<p>Med\u017eiaga: 100% poliesteris<\/p>\n<p>Spalva: balta<\/p>\n<p>ID 124580<\/p>","protected":false},"excerpt":{"rendered":"<p>\u201eRowico Home\u201c si\u016blo kokybi\u0161ko dizaino ir tvaraus skandinavi\u0161ko dizaino baldus. Modern\u016bs baldai namams, kuriuose \u0161eima ir draugai gali bendrauti, o valgomojo zona tampa pagrindiniu akcentu. Baldai skirti \u017emon\u0117ms, kuriems svarbiausia kokyb\u0117, o ne kiekyb\u0117.<\/p>","protected":false},"featured_media":35895,"template":"","meta":{"_acf_changed":false},"product_brand":[],"product_cat":[15],"product_tag":[218],"class_list":{"0":"post-35894","1":"product","2":"type-product","3":"status-publish","4":"has-post-thumbnail","6":"product_cat-divani","7":"product_tag-rowico","9":"first","10":"instock","11":"shipping-taxable","12":"purchasable","13":"product-type-simple"},"acf":[],"_links":{"self":[{"href":"https:\/\/lightup.lv\/lt\/wp-json\/wp\/v2\/product\/35894","targetHints":{"allow":["GET"]}}],"collection":[{"href":"https:\/\/lightup.lv\/lt\/wp-json\/wp\/v2\/product"}],"about":[{"href":"https:\/\/lightup.lv\/lt\/wp-json\/wp\/v2\/types\/product"}],"wp:featuredmedia":[{"embeddable":true,"href":"https:\/\/lightup.lv\/lt\/wp-json\/wp\/v2\/media\/35895"}],"wp:attachment":[{"href":"https:\/\/lightup.lv\/lt\/wp-json\/wp\/v2\/media?parent=35894"}],"wp:term":[{"taxonomy":"product_brand","embeddable":true,"href":"https:\/\/lightup.lv\/lt\/wp-json\/wp\/v2\/product_brand?post=35894"},{"taxonomy":"product_cat","embeddable":true,"href":"https:\/\/lightup.lv\/lt\/wp-json\/wp\/v2\/product_cat?post=35894"},{"taxonomy":"product_tag","embeddable":true,"href":"https:\/\/lightup.lv\/lt\/wp-json\/wp\/v2\/product_tag?post=35894"}],"curies":[{"name":"wp","href":"https:\/\/api.w.org\/{rel}","templated":true}]}}