{"id":36251,"date":"2025-07-25T09:30:49","date_gmt":"2025-07-25T07:30:49","guid":{"rendered":"https:\/\/lightup.lv\/?post_type=product&#038;p=36251"},"modified":"2025-07-25T10:30:44","modified_gmt":"2025-07-25T08:30:44","slug":"iekarinama-lampa-tense-o120","status":"publish","type":"product","link":"https:\/\/lightup.lv\/lt\/precu-katalogs\/iekarinama-lampa-tense-o120\/","title":{"rendered":"Pakabinama lempa \u201eTense\u201c \u00d8120"},"content":{"rendered":"<p>Max H: 5150 x D: 1100 x \u00d8: 1200 mm<\/p>\n<p>LED 22W, 2700K Dimm\u0113jama IP22<\/p>\n<p>230VA\/110mA, 50\/60Hz, 2000lm, CRI: 80<\/p>\n<p>ID: 21220<\/p>","protected":false},"excerpt":{"rendered":"<p>\u201eNew Works\u201c \u2013 tai 2015 m. Kopenhagoje \u012fkurta Danijos dizaino studija, si\u016blanti tiek ap\u0161vietimo sprendimus, tiek baldus ir interjero aksesuarus. Prek\u0117s \u017eenklas bendradarbiauja su tarptautiniais dizaineriais, kurdamas skulpt\u016brinius \u0161viestuvus, pasi\u017eymin\u010dius i\u0161rai\u0161kinga med\u017eiag\u0173 kokybe \u2013 marmuru, stiklu, tekstile, med\u017eiu ir perdirbtais pavir\u0161iais, kurie dera su minimalistine, taktiline estetika. \u0160viestuvai yra funkcional\u016bs, \u0161ilti ir organi\u0161ki. Produkt\u0173 asortimente yra visko \u2013 nuo stalini\u0173 ir lubini\u0173 \u0161viestuv\u0173 iki sienini\u0173 ir didelio masto pakabinam\u0173 \u0161viestuv\u0173, sukurian\u010di\u0173 harmoning\u0105 aplink\u0105, kurioje \u0161viesa yra vienas i\u0161 pagrindini\u0173 erdv\u0117s akcent\u0173.<\/p>","protected":false},"featured_media":36252,"template":"","meta":{"_acf_changed":false},"product_brand":[],"product_cat":[42,43],"product_tag":[224],"class_list":{"0":"post-36251","1":"product","2":"type-product","3":"status-publish","4":"has-post-thumbnail","6":"product_cat-apgaismojums","7":"product_cat-piekaramas-lampas","8":"product_tag-new-works","10":"first","11":"instock","12":"shipping-taxable","13":"purchasable","14":"product-type-simple"},"acf":[],"_links":{"self":[{"href":"https:\/\/lightup.lv\/lt\/wp-json\/wp\/v2\/product\/36251","targetHints":{"allow":["GET"]}}],"collection":[{"href":"https:\/\/lightup.lv\/lt\/wp-json\/wp\/v2\/product"}],"about":[{"href":"https:\/\/lightup.lv\/lt\/wp-json\/wp\/v2\/types\/product"}],"wp:featuredmedia":[{"embeddable":true,"href":"https:\/\/lightup.lv\/lt\/wp-json\/wp\/v2\/media\/36252"}],"wp:attachment":[{"href":"https:\/\/lightup.lv\/lt\/wp-json\/wp\/v2\/media?parent=36251"}],"wp:term":[{"taxonomy":"product_brand","embeddable":true,"href":"https:\/\/lightup.lv\/lt\/wp-json\/wp\/v2\/product_brand?post=36251"},{"taxonomy":"product_cat","embeddable":true,"href":"https:\/\/lightup.lv\/lt\/wp-json\/wp\/v2\/product_cat?post=36251"},{"taxonomy":"product_tag","embeddable":true,"href":"https:\/\/lightup.lv\/lt\/wp-json\/wp\/v2\/product_tag?post=36251"}],"curies":[{"name":"wp","href":"https:\/\/api.w.org\/{rel}","templated":true}]}}