{"id":36310,"date":"2025-07-25T12:49:00","date_gmt":"2025-07-25T10:49:00","guid":{"rendered":"https:\/\/lightup.lv\/?post_type=product&#038;p=36310"},"modified":"2025-07-25T12:49:26","modified_gmt":"2025-07-25T10:49:26","slug":"sienine-lempa-marc","status":"publish","type":"product","link":"https:\/\/lightup.lv\/lt\/precu-katalogs\/sienas-lampa-marc\/","title":{"rendered":"Sieninis \u0161viestuvas Marc"},"content":{"rendered":"<p>GU10x1 MAX 35W<\/p>\n<p>IP44, 3000K<\/p>\n<p>Spalva: juoda<\/p>\n<p>Gylis: 115 x auk\u0161tis: 100 mm<\/p>\n<p>\u012e komplekt\u0105 \u012feina lemput\u0117s: <strong>Ne\u012fskai\u010diuota<\/strong><\/p>\n<p>ID: 4176400<\/p>","protected":false},"excerpt":{"rendered":"<p>\u201eViokef\u201c si\u016blo plat\u0173 \u0161viestuv\u0173 \u2013 tiek moderni\u0173, tiek klasikini\u0173 \u2013 pasirinkim\u0105, puikiai papildant\u012f interjero dizain\u0105. \u201eLightUp\u201c yra tiesioginis \u201eViokef\u201c prek\u0117s \u017eenklo platintojas, tod\u0117l galime pasi\u016blyti tokias patrauklias kainas. Ypating\u0105 d\u0117mes\u012f skiriame kokybei. R\u016bpinam\u0117s ir kontroliuojame gaminius nuo j\u0173 u\u017esakymo gamykloje iki transportavimo \u012f sand\u0117l\u012f. Tada juos kruop\u0161\u010diai supakuojame ir i\u0161siun\u010diame klientui.<\/p>","protected":false},"featured_media":36311,"template":"","meta":{"_acf_changed":false},"product_brand":[],"product_cat":[42,129,213],"product_tag":[105],"class_list":{"0":"post-36310","1":"product","2":"type-product","3":"status-publish","4":"has-post-thumbnail","6":"product_cat-apgaismojums","7":"product_cat-fasades-un-darza-apgaismojums","8":"product_cat-salona-pieejams","9":"product_tag-viokef","11":"first","12":"instock","13":"shipping-taxable","14":"purchasable","15":"product-type-simple"},"acf":[],"_links":{"self":[{"href":"https:\/\/lightup.lv\/lt\/wp-json\/wp\/v2\/product\/36310","targetHints":{"allow":["GET"]}}],"collection":[{"href":"https:\/\/lightup.lv\/lt\/wp-json\/wp\/v2\/product"}],"about":[{"href":"https:\/\/lightup.lv\/lt\/wp-json\/wp\/v2\/types\/product"}],"wp:featuredmedia":[{"embeddable":true,"href":"https:\/\/lightup.lv\/lt\/wp-json\/wp\/v2\/media\/36311"}],"wp:attachment":[{"href":"https:\/\/lightup.lv\/lt\/wp-json\/wp\/v2\/media?parent=36310"}],"wp:term":[{"taxonomy":"product_brand","embeddable":true,"href":"https:\/\/lightup.lv\/lt\/wp-json\/wp\/v2\/product_brand?post=36310"},{"taxonomy":"product_cat","embeddable":true,"href":"https:\/\/lightup.lv\/lt\/wp-json\/wp\/v2\/product_cat?post=36310"},{"taxonomy":"product_tag","embeddable":true,"href":"https:\/\/lightup.lv\/lt\/wp-json\/wp\/v2\/product_tag?post=36310"}],"curies":[{"name":"wp","href":"https:\/\/api.w.org\/{rel}","templated":true}]}}