{"id":36329,"date":"2025-07-25T13:54:00","date_gmt":"2025-07-25T11:54:00","guid":{"rendered":"https:\/\/lightup.lv\/?post_type=product&#038;p=36329"},"modified":"2025-09-17T11:03:20","modified_gmt":"2025-09-17T09:03:20","slug":"kresls-aole-balts-bess","status":"publish","type":"product","link":"https:\/\/lightup.lv\/lt\/precu-katalogs\/kresls-aole-balts-bess\/","title":{"rendered":"K\u0117d\u0117 AOLE balta\/sm\u0117lin\u0117"},"content":{"rendered":"<p>K\u0117d\u0117s auk\u0161tis: 86,5 cm<br \/>\nK\u0117d\u0117s plotis: 57 cm<br \/>\nK\u0117d\u0117s gylis: 60,5 cm<br \/>\nS\u0117dyn\u0117s auk\u0161tis: 49,5 cm<br \/>\nSpalva: balta\/sm\u0117lio spalvos<br \/>\nMed\u017eiaga: Audinys<br \/>\nSudedamas ant vienos vietos: Ne<\/p>\n<p>ID 100107102<\/p>","protected":false},"excerpt":{"rendered":"<p>\u201eAOLE\u201c derina skandinavi\u0161ko dizaino principus su tarptautiniu po\u017ei\u016briu. Skulpt\u016bri\u0161ka forma yra eleganti\u0161kai aptraukta nuo vir\u0161aus iki apa\u010dios, sukuriant rafinuot\u0105 vizualin\u012f \u012fvaizd\u012f ir auk\u0161t\u0105 komforto lyg\u012f.<\/p>","protected":false},"featured_media":36330,"template":"","meta":{"_acf_changed":false},"product_brand":[],"product_cat":[28,119,38],"product_tag":[37],"class_list":{"0":"post-36329","1":"product","2":"type-product","3":"status-publish","4":"has-post-thumbnail","6":"product_cat-kresli","7":"product_cat-atputas-kresli-kresli","8":"product_cat-kresli-pie-galda","9":"product_tag-dan-form","11":"first","12":"instock","13":"shipping-taxable","14":"purchasable","15":"product-type-simple"},"acf":[],"_links":{"self":[{"href":"https:\/\/lightup.lv\/lt\/wp-json\/wp\/v2\/product\/36329","targetHints":{"allow":["GET"]}}],"collection":[{"href":"https:\/\/lightup.lv\/lt\/wp-json\/wp\/v2\/product"}],"about":[{"href":"https:\/\/lightup.lv\/lt\/wp-json\/wp\/v2\/types\/product"}],"wp:featuredmedia":[{"embeddable":true,"href":"https:\/\/lightup.lv\/lt\/wp-json\/wp\/v2\/media\/36330"}],"wp:attachment":[{"href":"https:\/\/lightup.lv\/lt\/wp-json\/wp\/v2\/media?parent=36329"}],"wp:term":[{"taxonomy":"product_brand","embeddable":true,"href":"https:\/\/lightup.lv\/lt\/wp-json\/wp\/v2\/product_brand?post=36329"},{"taxonomy":"product_cat","embeddable":true,"href":"https:\/\/lightup.lv\/lt\/wp-json\/wp\/v2\/product_cat?post=36329"},{"taxonomy":"product_tag","embeddable":true,"href":"https:\/\/lightup.lv\/lt\/wp-json\/wp\/v2\/product_tag?post=36329"}],"curies":[{"name":"wp","href":"https:\/\/api.w.org\/{rel}","templated":true}]}}