{"id":36338,"date":"2025-07-25T14:00:02","date_gmt":"2025-07-25T12:00:02","guid":{"rendered":"https:\/\/lightup.lv\/?post_type=product&#038;p=36338"},"modified":"2025-09-17T11:03:17","modified_gmt":"2025-09-17T09:03:17","slug":"kresls-aole-melns","status":"publish","type":"product","link":"https:\/\/lightup.lv\/lt\/produktu-katalogas\/kresls-aole-melns\/","title":{"rendered":"Kr\u0113sls AOLE melns"},"content":{"rendered":"<p>K\u0117d\u0117s auk\u0161tis: 86,5 cm<br \/>\nK\u0117d\u0117s plotis: 57 cm<br \/>\nK\u0117d\u0117s gylis: 60,5 cm<br \/>\nS\u0117dyn\u0117s auk\u0161tis: 49,5 cm<br \/>\nSpalva: juoda<br \/>\nMed\u017eiaga: Audinys<br \/>\nSudedamas ant vienos vietos: Ne<\/p>\n<p>ID 100107101<\/p>","protected":false},"excerpt":{"rendered":"<p>\u201eAOLE\u201c derina skandinavi\u0161ko dizaino principus su tarptautiniu po\u017ei\u016briu. Skulpt\u016bri\u0161ka forma yra eleganti\u0161kai aptraukta nuo vir\u0161aus iki apa\u010dios, sukuriant rafinuot\u0105 vizualin\u012f \u012fvaizd\u012f ir auk\u0161t\u0105 komforto lyg\u012f.<\/p>","protected":false},"featured_media":36339,"template":"","meta":{"_acf_changed":false},"product_brand":[],"product_cat":[28,119,38],"product_tag":[37],"class_list":{"0":"post-36338","1":"product","2":"type-product","3":"status-publish","4":"has-post-thumbnail","6":"product_cat-kresli","7":"product_cat-atputas-kresli-kresli","8":"product_cat-kresli-pie-galda","9":"product_tag-dan-form","11":"first","12":"instock","13":"shipping-taxable","14":"purchasable","15":"product-type-simple"},"acf":[],"_links":{"self":[{"href":"https:\/\/lightup.lv\/lt\/wp-json\/wp\/v2\/product\/36338","targetHints":{"allow":["GET"]}}],"collection":[{"href":"https:\/\/lightup.lv\/lt\/wp-json\/wp\/v2\/product"}],"about":[{"href":"https:\/\/lightup.lv\/lt\/wp-json\/wp\/v2\/types\/product"}],"wp:featuredmedia":[{"embeddable":true,"href":"https:\/\/lightup.lv\/lt\/wp-json\/wp\/v2\/media\/36339"}],"wp:attachment":[{"href":"https:\/\/lightup.lv\/lt\/wp-json\/wp\/v2\/media?parent=36338"}],"wp:term":[{"taxonomy":"product_brand","embeddable":true,"href":"https:\/\/lightup.lv\/lt\/wp-json\/wp\/v2\/product_brand?post=36338"},{"taxonomy":"product_cat","embeddable":true,"href":"https:\/\/lightup.lv\/lt\/wp-json\/wp\/v2\/product_cat?post=36338"},{"taxonomy":"product_tag","embeddable":true,"href":"https:\/\/lightup.lv\/lt\/wp-json\/wp\/v2\/product_tag?post=36338"}],"curies":[{"name":"wp","href":"https:\/\/api.w.org\/{rel}","templated":true}]}}