{"id":36348,"date":"2025-07-25T14:06:08","date_gmt":"2025-07-25T12:06:08","guid":{"rendered":"https:\/\/lightup.lv\/?post_type=product&#038;p=36348"},"modified":"2025-11-11T11:07:40","modified_gmt":"2025-11-11T09:07:40","slug":"kresls-aole-bruns","status":"publish","type":"product","link":"https:\/\/lightup.lv\/lt\/precu-katalogs\/kresls-aole-bruns\/","title":{"rendered":"K\u0117d\u0117 AOLE ruda"},"content":{"rendered":"<p>K\u0117d\u0117s auk\u0161tis: 86,5 cm<br \/>\nK\u0117d\u0117s plotis: 57 cm<br \/>\nK\u0117d\u0117s gylis: 60,5 cm<br \/>\nS\u0117dyn\u0117s auk\u0161tis: 49,5 cm<br \/>\nSpalva: ruda<br \/>\nMed\u017eiaga: Audinys<br \/>\nSudedamas ant vienos vietos: Ne<\/p>\n<p>ID 100107100<\/p>","protected":false},"excerpt":{"rendered":"<p>\u201eAOLE\u201c derina skandinavi\u0161ko dizaino principus su tarptautiniu po\u017ei\u016briu. Skulpt\u016bri\u0161ka forma yra eleganti\u0161kai aptraukta nuo vir\u0161aus iki apa\u010dios, sukuriant rafinuot\u0105 vizualin\u012f \u012fvaizd\u012f ir auk\u0161t\u0105 komforto lyg\u012f.<\/p>","protected":false},"featured_media":36349,"template":"","meta":{"_acf_changed":false},"product_brand":[],"product_cat":[28,119,38],"product_tag":[37],"class_list":{"0":"post-36348","1":"product","2":"type-product","3":"status-publish","4":"has-post-thumbnail","6":"product_cat-kresli","7":"product_cat-atputas-kresli-kresli","8":"product_cat-kresli-pie-galda","9":"product_tag-dan-form","11":"first","12":"instock","13":"shipping-taxable","14":"purchasable","15":"product-type-simple"},"acf":[],"_links":{"self":[{"href":"https:\/\/lightup.lv\/lt\/wp-json\/wp\/v2\/product\/36348","targetHints":{"allow":["GET"]}}],"collection":[{"href":"https:\/\/lightup.lv\/lt\/wp-json\/wp\/v2\/product"}],"about":[{"href":"https:\/\/lightup.lv\/lt\/wp-json\/wp\/v2\/types\/product"}],"wp:featuredmedia":[{"embeddable":true,"href":"https:\/\/lightup.lv\/lt\/wp-json\/wp\/v2\/media\/36349"}],"wp:attachment":[{"href":"https:\/\/lightup.lv\/lt\/wp-json\/wp\/v2\/media?parent=36348"}],"wp:term":[{"taxonomy":"product_brand","embeddable":true,"href":"https:\/\/lightup.lv\/lt\/wp-json\/wp\/v2\/product_brand?post=36348"},{"taxonomy":"product_cat","embeddable":true,"href":"https:\/\/lightup.lv\/lt\/wp-json\/wp\/v2\/product_cat?post=36348"},{"taxonomy":"product_tag","embeddable":true,"href":"https:\/\/lightup.lv\/lt\/wp-json\/wp\/v2\/product_tag?post=36348"}],"curies":[{"name":"wp","href":"https:\/\/api.w.org\/{rel}","templated":true}]}}