{"id":36410,"date":"2025-07-25T15:12:33","date_gmt":"2025-07-25T13:12:33","guid":{"rendered":"https:\/\/lightup.lv\/?post_type=product&#038;p=36410"},"modified":"2025-09-17T10:54:20","modified_gmt":"2025-09-17T08:54:20","slug":"atputas-kresls-duct-bruns","status":"publish","type":"product","link":"https:\/\/lightup.lv\/lt\/produktu-katalogas\/atputas-kresls-duct-bruns\/","title":{"rendered":"Atp\u016btas kr\u0113sls DUCT br\u016bns"},"content":{"rendered":"<p>K\u0117d\u0117s auk\u0161tis: 81,5 cm<br \/>\nK\u0117d\u0117s plotis: 60,5 cm<br \/>\nK\u0117d\u0117s gylis: 56,5 cm<br \/>\nS\u0117dyn\u0117s auk\u0161tis: 49,5 cm<br \/>\nSpalva: ruda<br \/>\nMed\u017eiaga: Audinys<br \/>\nSudedamas ant vienos vietos: Ne<\/p>\n<p>ID 100920940<\/p>","protected":false},"excerpt":{"rendered":"<p>Skulpt\u016bri\u0161kas ir patogus DUCT poilsio kr\u0117slas derina klasikin\u0119 elegancij\u0105 su moderniu funkcionalumu. Jo dizain\u0105 pabr\u0117\u017eia lygiagre\u010dios ir arti viena kitos i\u0161d\u0117stytos galin\u0117s kojel\u0117s, suteikian\u010dios jam architekt\u016brin\u012f charakter\u012f. Apmu\u0161ta s\u0117dyn\u0117 ir atlo\u0161as, susiliejantys su porankiais, u\u017etikrina puik\u0173 s\u0117d\u0117jimo komfort\u0105. DUCT kolekcijoje yra ir foteli\u0173, ir poilsio kr\u0117sl\u0173.<\/p>","protected":false},"featured_media":36411,"template":"","meta":{"_acf_changed":false},"product_brand":[],"product_cat":[28,119,38],"product_tag":[37],"class_list":{"0":"post-36410","1":"product","2":"type-product","3":"status-publish","4":"has-post-thumbnail","6":"product_cat-kresli","7":"product_cat-atputas-kresli-kresli","8":"product_cat-kresli-pie-galda","9":"product_tag-dan-form","11":"first","12":"instock","13":"shipping-taxable","14":"purchasable","15":"product-type-simple"},"acf":[],"_links":{"self":[{"href":"https:\/\/lightup.lv\/lt\/wp-json\/wp\/v2\/product\/36410","targetHints":{"allow":["GET"]}}],"collection":[{"href":"https:\/\/lightup.lv\/lt\/wp-json\/wp\/v2\/product"}],"about":[{"href":"https:\/\/lightup.lv\/lt\/wp-json\/wp\/v2\/types\/product"}],"wp:featuredmedia":[{"embeddable":true,"href":"https:\/\/lightup.lv\/lt\/wp-json\/wp\/v2\/media\/36411"}],"wp:attachment":[{"href":"https:\/\/lightup.lv\/lt\/wp-json\/wp\/v2\/media?parent=36410"}],"wp:term":[{"taxonomy":"product_brand","embeddable":true,"href":"https:\/\/lightup.lv\/lt\/wp-json\/wp\/v2\/product_brand?post=36410"},{"taxonomy":"product_cat","embeddable":true,"href":"https:\/\/lightup.lv\/lt\/wp-json\/wp\/v2\/product_cat?post=36410"},{"taxonomy":"product_tag","embeddable":true,"href":"https:\/\/lightup.lv\/lt\/wp-json\/wp\/v2\/product_tag?post=36410"}],"curies":[{"name":"wp","href":"https:\/\/api.w.org\/{rel}","templated":true}]}}