{"id":36419,"date":"2025-07-25T15:20:04","date_gmt":"2025-07-25T13:20:04","guid":{"rendered":"https:\/\/lightup.lv\/?post_type=product&#038;p=36419"},"modified":"2025-09-17T10:51:29","modified_gmt":"2025-09-17T08:51:29","slug":"kresls-woke","status":"publish","type":"product","link":"https:\/\/lightup.lv\/lt\/precu-katalogs\/kresls-woke\/","title":{"rendered":"K\u0117d\u0117 WOKE oran\u017ein\u0117"},"content":{"rendered":"<p>K\u0117d\u0117s auk\u0161tis: 83 cm<br \/>\nK\u0117d\u0117s plotis: 47 cm<br \/>\nK\u0117d\u0117s gylis: 57,5 cm<br \/>\nS\u0117dyn\u0117s auk\u0161tis: 50 cm<br \/>\nKr\u0101sa: Oran\u017es<br \/>\nMed\u017eiaga: Audinys\/metalas<br \/>\nSudedamas ant vienos vietos: Ne<\/p>\n<p>ID 100400640<\/p>","protected":false},"excerpt":{"rendered":"<p>\u201eWOKE\u201c k\u0117d\u0117 \u2013 tai ry\u0161kus dizaino sprendimas, i\u0161siskiriantis dr\u0105siu ir k\u016brybi\u0161ku po\u017ei\u016briu. Dizainas pabr\u0117\u017eia \u017eaisming\u0105 siluet\u0105 su mink\u0161tai pamink\u0161tinta s\u0117dyne ir atlo\u0161u, o siaur\u0117jan\u010dios kojel\u0117s primena beisbolo lazdos form\u0105. \u201eWOKE\u201c suteikia erdvei individualumo ir charakterio.<\/p>","protected":false},"featured_media":36421,"template":"","meta":{"_acf_changed":false},"product_brand":[],"product_cat":[28,38],"product_tag":[37],"class_list":{"0":"post-36419","1":"product","2":"type-product","3":"status-publish","4":"has-post-thumbnail","6":"product_cat-kresli","7":"product_cat-kresli-pie-galda","8":"product_tag-dan-form","10":"first","11":"instock","12":"shipping-taxable","13":"purchasable","14":"product-type-simple"},"acf":[],"_links":{"self":[{"href":"https:\/\/lightup.lv\/lt\/wp-json\/wp\/v2\/product\/36419","targetHints":{"allow":["GET"]}}],"collection":[{"href":"https:\/\/lightup.lv\/lt\/wp-json\/wp\/v2\/product"}],"about":[{"href":"https:\/\/lightup.lv\/lt\/wp-json\/wp\/v2\/types\/product"}],"wp:featuredmedia":[{"embeddable":true,"href":"https:\/\/lightup.lv\/lt\/wp-json\/wp\/v2\/media\/36421"}],"wp:attachment":[{"href":"https:\/\/lightup.lv\/lt\/wp-json\/wp\/v2\/media?parent=36419"}],"wp:term":[{"taxonomy":"product_brand","embeddable":true,"href":"https:\/\/lightup.lv\/lt\/wp-json\/wp\/v2\/product_brand?post=36419"},{"taxonomy":"product_cat","embeddable":true,"href":"https:\/\/lightup.lv\/lt\/wp-json\/wp\/v2\/product_cat?post=36419"},{"taxonomy":"product_tag","embeddable":true,"href":"https:\/\/lightup.lv\/lt\/wp-json\/wp\/v2\/product_tag?post=36419"}],"curies":[{"name":"wp","href":"https:\/\/api.w.org\/{rel}","templated":true}]}}