{"id":36438,"date":"2025-07-25T15:38:25","date_gmt":"2025-07-25T13:38:25","guid":{"rendered":"https:\/\/lightup.lv\/?post_type=product&#038;p=36438"},"modified":"2025-11-11T11:04:15","modified_gmt":"2025-11-11T09:04:15","slug":"fotelis-pabudo-alyvuogiu-zalios-spalvos","status":"publish","type":"product","link":"https:\/\/lightup.lv\/lt\/precu-katalogs\/kresls-woke-olivzals\/","title":{"rendered":"K\u0117d\u0117 WOKE alyvuogi\u0173 \u017ealia"},"content":{"rendered":"<p>K\u0117d\u0117s auk\u0161tis: 83 cm<br \/>\nK\u0117d\u0117s plotis: 47 cm<br \/>\nK\u0117d\u0117s gylis: 57,5 cm<br \/>\nS\u0117dyn\u0117s auk\u0161tis: 50 cm<br \/>\nSpalva: alyvuogi\u0173 \u017ealia<br \/>\nMed\u017eiaga: Audinys\/metalas<br \/>\nSudedamas ant vienos vietos: Ne<\/p>\n<p>ID 100400620<\/p>","protected":false},"excerpt":{"rendered":"<p>\u201eWOKE\u201c k\u0117d\u0117 \u2013 tai ry\u0161kus dizaino sprendimas, i\u0161siskiriantis dr\u0105siu ir k\u016brybi\u0161ku po\u017ei\u016briu. Dizainas pabr\u0117\u017eia \u017eaisming\u0105 siluet\u0105 su mink\u0161tai pamink\u0161tinta s\u0117dyne ir atlo\u0161u, o siaur\u0117jan\u010dios kojel\u0117s primena beisbolo lazdos form\u0105. \u201eWOKE\u201c suteikia erdvei individualumo ir charakterio.<\/p>","protected":false},"featured_media":36439,"template":"","meta":{"_acf_changed":false},"product_brand":[],"product_cat":[28,38,213],"product_tag":[37],"class_list":{"0":"post-36438","1":"product","2":"type-product","3":"status-publish","4":"has-post-thumbnail","6":"product_cat-kresli","7":"product_cat-kresli-pie-galda","8":"product_cat-salona-pieejams","9":"product_tag-dan-form","11":"first","12":"instock","13":"shipping-taxable","14":"purchasable","15":"product-type-simple"},"acf":[],"_links":{"self":[{"href":"https:\/\/lightup.lv\/lt\/wp-json\/wp\/v2\/product\/36438","targetHints":{"allow":["GET"]}}],"collection":[{"href":"https:\/\/lightup.lv\/lt\/wp-json\/wp\/v2\/product"}],"about":[{"href":"https:\/\/lightup.lv\/lt\/wp-json\/wp\/v2\/types\/product"}],"wp:featuredmedia":[{"embeddable":true,"href":"https:\/\/lightup.lv\/lt\/wp-json\/wp\/v2\/media\/36439"}],"wp:attachment":[{"href":"https:\/\/lightup.lv\/lt\/wp-json\/wp\/v2\/media?parent=36438"}],"wp:term":[{"taxonomy":"product_brand","embeddable":true,"href":"https:\/\/lightup.lv\/lt\/wp-json\/wp\/v2\/product_brand?post=36438"},{"taxonomy":"product_cat","embeddable":true,"href":"https:\/\/lightup.lv\/lt\/wp-json\/wp\/v2\/product_cat?post=36438"},{"taxonomy":"product_tag","embeddable":true,"href":"https:\/\/lightup.lv\/lt\/wp-json\/wp\/v2\/product_tag?post=36438"}],"curies":[{"name":"wp","href":"https:\/\/api.w.org\/{rel}","templated":true}]}}