{"id":36510,"date":"2025-07-26T11:21:24","date_gmt":"2025-07-26T09:21:24","guid":{"rendered":"https:\/\/lightup.lv\/?post_type=product&#038;p=36510"},"modified":"2025-11-21T12:24:21","modified_gmt":"2025-11-21T10:24:21","slug":"kresls-zone-melns","status":"publish","type":"product","link":"https:\/\/lightup.lv\/lt\/produktu-katalogas\/kresls-zone-melns\/","title":{"rendered":"Kr\u0113sls ZONE melns"},"content":{"rendered":"<p>K\u0117d\u0117s auk\u0161tis: 81 cm<br \/>\nK\u0117d\u0117s plotis: 53 cm<br \/>\nK\u0117d\u0117s gylis: 58,5 cm<br \/>\nS\u0117dyn\u0117s auk\u0161tis: 49,5 cm<br \/>\nSpalva: juoda<br \/>\nMed\u017eiaga: dirbtin\u0117 oda<br \/>\nSudedamas ant vienos vietos: Ne<\/p>\n<p>ID 100107402<\/p>","protected":false},"excerpt":{"rendered":"<p>ZONE \u2013 tai skandinavi\u0161ko dizaino k\u0117d\u0117, kurioje dera sant\u016bri forma ir stiprus vizualinis charakteris. I\u0161lenkta nugara ir \u0161iek tiek pakreiptos galin\u0117s kojel\u0117s suteikia dizainui elegancijos ir lengvumo.<\/p>","protected":false},"featured_media":36511,"template":"","meta":{"_acf_changed":false},"product_brand":[],"product_cat":[28,38],"product_tag":[37],"class_list":{"0":"post-36510","1":"product","2":"type-product","3":"status-publish","4":"has-post-thumbnail","6":"product_cat-kresli","7":"product_cat-kresli-pie-galda","8":"product_tag-dan-form","10":"first","11":"instock","12":"shipping-taxable","13":"purchasable","14":"product-type-simple"},"acf":[],"_links":{"self":[{"href":"https:\/\/lightup.lv\/lt\/wp-json\/wp\/v2\/product\/36510","targetHints":{"allow":["GET"]}}],"collection":[{"href":"https:\/\/lightup.lv\/lt\/wp-json\/wp\/v2\/product"}],"about":[{"href":"https:\/\/lightup.lv\/lt\/wp-json\/wp\/v2\/types\/product"}],"wp:featuredmedia":[{"embeddable":true,"href":"https:\/\/lightup.lv\/lt\/wp-json\/wp\/v2\/media\/36511"}],"wp:attachment":[{"href":"https:\/\/lightup.lv\/lt\/wp-json\/wp\/v2\/media?parent=36510"}],"wp:term":[{"taxonomy":"product_brand","embeddable":true,"href":"https:\/\/lightup.lv\/lt\/wp-json\/wp\/v2\/product_brand?post=36510"},{"taxonomy":"product_cat","embeddable":true,"href":"https:\/\/lightup.lv\/lt\/wp-json\/wp\/v2\/product_cat?post=36510"},{"taxonomy":"product_tag","embeddable":true,"href":"https:\/\/lightup.lv\/lt\/wp-json\/wp\/v2\/product_tag?post=36510"}],"curies":[{"name":"wp","href":"https:\/\/api.w.org\/{rel}","templated":true}]}}