{"id":36538,"date":"2025-07-26T12:01:23","date_gmt":"2025-07-26T10:01:23","guid":{"rendered":"https:\/\/lightup.lv\/?post_type=product&#038;p=36538"},"modified":"2025-11-11T11:02:57","modified_gmt":"2025-11-11T09:02:57","slug":"kresls-reboot-oranzs","status":"publish","type":"product","link":"https:\/\/lightup.lv\/lt\/precu-katalogs\/kresls-reboot-oranzs\/","title":{"rendered":"K\u0117d\u0117 REBOOT oran\u017ein\u0117"},"content":{"rendered":"<p>K\u0117d\u0117s auk\u0161tis: 78,5 cm<br \/>\nK\u0117d\u0117s plotis: 57,5 cm<br \/>\nK\u0117d\u0117s gylis: 55 cm<br \/>\nS\u0117dyn\u0117s auk\u0161tis: 47 cm<br \/>\nKr\u0101sa: Oran\u017ea<br \/>\nMed\u017eiaga: Audinys<br \/>\nSudedamas ant vienos vietos: Ne<\/p>\n<p>ID 100107304<\/p>","protected":false},"excerpt":{"rendered":"<p>REBOOT poilsio kr\u0117slas \u2013 tai \u0161iuolaiki\u0161ka klasikinio silueto interpretacija. Plonos, grak\u0161\u010dios kojel\u0117s skland\u017eiai pereina \u012f atlo\u0161\u0105 ir porankius, sukurdamos lengv\u0105 ir harmoning\u0105 bendr\u0105 vaizd\u0105 su apgalvotu funkcionalumu.<\/p>","protected":false},"featured_media":36539,"template":"","meta":{"_acf_changed":false},"product_brand":[],"product_cat":[28,119,38,213],"product_tag":[37],"class_list":{"0":"post-36538","1":"product","2":"type-product","3":"status-publish","4":"has-post-thumbnail","6":"product_cat-kresli","7":"product_cat-atputas-kresli-kresli","8":"product_cat-kresli-pie-galda","9":"product_cat-salona-pieejams","10":"product_tag-dan-form","12":"first","13":"instock","14":"shipping-taxable","15":"purchasable","16":"product-type-simple"},"acf":[],"_links":{"self":[{"href":"https:\/\/lightup.lv\/lt\/wp-json\/wp\/v2\/product\/36538","targetHints":{"allow":["GET"]}}],"collection":[{"href":"https:\/\/lightup.lv\/lt\/wp-json\/wp\/v2\/product"}],"about":[{"href":"https:\/\/lightup.lv\/lt\/wp-json\/wp\/v2\/types\/product"}],"wp:featuredmedia":[{"embeddable":true,"href":"https:\/\/lightup.lv\/lt\/wp-json\/wp\/v2\/media\/36539"}],"wp:attachment":[{"href":"https:\/\/lightup.lv\/lt\/wp-json\/wp\/v2\/media?parent=36538"}],"wp:term":[{"taxonomy":"product_brand","embeddable":true,"href":"https:\/\/lightup.lv\/lt\/wp-json\/wp\/v2\/product_brand?post=36538"},{"taxonomy":"product_cat","embeddable":true,"href":"https:\/\/lightup.lv\/lt\/wp-json\/wp\/v2\/product_cat?post=36538"},{"taxonomy":"product_tag","embeddable":true,"href":"https:\/\/lightup.lv\/lt\/wp-json\/wp\/v2\/product_tag?post=36538"}],"curies":[{"name":"wp","href":"https:\/\/api.w.org\/{rel}","templated":true}]}}