{"id":36550,"date":"2025-07-26T12:09:59","date_gmt":"2025-07-26T10:09:59","guid":{"rendered":"https:\/\/lightup.lv\/?post_type=product&#038;p=36550"},"modified":"2025-09-17T10:08:25","modified_gmt":"2025-09-17T08:08:25","slug":"kede-perkrovimas-baltas-bosas-juodos-kojos","status":"publish","type":"product","link":"https:\/\/lightup.lv\/lt\/precu-katalogs\/kresls-reboot-balts-bess-melnas-kajas\/","title":{"rendered":"K\u0117d\u0117 REBOOT balta\/sm\u0117lio spalvos, juodos kojel\u0117s"},"content":{"rendered":"<p>K\u0117d\u0117s auk\u0161tis: 78,5 cm<br \/>\nK\u0117d\u0117s plotis: 57,5 cm<br \/>\nK\u0117d\u0117s gylis: 55 cm<br \/>\nS\u0117dyn\u0117s auk\u0161tis: 47 cm<br \/>\nSpalva: balta\/sm\u0117lio spalvos<br \/>\nMed\u017eiaga: Audinys<br \/>\nSudedamas ant vienos vietos: Ne<\/p>\n<p>ID 100107302<\/p>","protected":false},"excerpt":{"rendered":"<p>REBOOT poilsio kr\u0117slas \u2013 tai \u0161iuolaiki\u0161ka klasikinio silueto interpretacija. Plonos, grak\u0161\u010dios kojel\u0117s skland\u017eiai pereina \u012f atlo\u0161\u0105 ir porankius, sukurdamos lengv\u0105 ir harmoning\u0105 bendr\u0105 vaizd\u0105 su apgalvotu funkcionalumu.<\/p>","protected":false},"featured_media":36551,"template":"","meta":{"_acf_changed":false},"product_brand":[],"product_cat":[28,119,38],"product_tag":[37],"class_list":{"0":"post-36550","1":"product","2":"type-product","3":"status-publish","4":"has-post-thumbnail","6":"product_cat-kresli","7":"product_cat-atputas-kresli-kresli","8":"product_cat-kresli-pie-galda","9":"product_tag-dan-form","11":"first","12":"instock","13":"shipping-taxable","14":"purchasable","15":"product-type-simple"},"acf":[],"_links":{"self":[{"href":"https:\/\/lightup.lv\/lt\/wp-json\/wp\/v2\/product\/36550","targetHints":{"allow":["GET"]}}],"collection":[{"href":"https:\/\/lightup.lv\/lt\/wp-json\/wp\/v2\/product"}],"about":[{"href":"https:\/\/lightup.lv\/lt\/wp-json\/wp\/v2\/types\/product"}],"wp:featuredmedia":[{"embeddable":true,"href":"https:\/\/lightup.lv\/lt\/wp-json\/wp\/v2\/media\/36551"}],"wp:attachment":[{"href":"https:\/\/lightup.lv\/lt\/wp-json\/wp\/v2\/media?parent=36550"}],"wp:term":[{"taxonomy":"product_brand","embeddable":true,"href":"https:\/\/lightup.lv\/lt\/wp-json\/wp\/v2\/product_brand?post=36550"},{"taxonomy":"product_cat","embeddable":true,"href":"https:\/\/lightup.lv\/lt\/wp-json\/wp\/v2\/product_cat?post=36550"},{"taxonomy":"product_tag","embeddable":true,"href":"https:\/\/lightup.lv\/lt\/wp-json\/wp\/v2\/product_tag?post=36550"}],"curies":[{"name":"wp","href":"https:\/\/api.w.org\/{rel}","templated":true}]}}