{"id":36584,"date":"2025-06-14T12:18:34","date_gmt":"2025-06-14T10:18:34","guid":{"rendered":"https:\/\/lightup.lv\/?post_type=product&#038;p=36584"},"modified":"2025-07-31T12:31:05","modified_gmt":"2025-07-31T10:31:05","slug":"kresls-baltic-2-basic","status":"publish","type":"product","link":"https:\/\/lightup.lv\/lt\/precu-katalogs\/kresls-baltic-2-basic\/","title":{"rendered":"K\u0117d\u0117 \u201eBaltic 2 Basic\u201c"},"content":{"rendered":"<p>Kr\u0113sla augstums: 75 cm<br \/>\nK\u0117d\u0117s plotis: 53 cm<br \/>\nK\u0117d\u0117s gylis: 53 cm<br \/>\nS\u0117dyn\u0117s auk\u0161tis: 45 cm<br \/>\nSudedamas ant vienos vietos: Taip<br \/>\nSpalva: Galimi spalv\u0173 variantai<\/p>\n<p>ID BLK1P28<\/p>","protected":false},"excerpt":{"rendered":"<p>Baltic 2 kr\u0113slu kolekcijai rakstur\u012bg\u0101 \u010daulas formas s\u0113dvieta apvienota ar vieglu, sakraujamu pamatni, padarot kr\u0113slu \u012bpa\u0161i praktisku lieto\u0161anai konferen\u010du un biroju telp\u0101s. Iesp\u0113ja kr\u0113slus \u0113rti uzglab\u0101t, k\u0101 ar\u012b viegli kopjam\u0101 plastmasas s\u0113dvieta nodro\u0161ina daudzpus\u012bgu pielietojumu, padarot Baltic 2 par ide\u0101lu izv\u0113li main\u012bg\u0101m vid\u0113m un intens\u012bvai lieto\u0161anai.<\/p>","protected":false},"featured_media":36585,"template":"","meta":{"_acf_changed":false},"product_brand":[],"product_cat":[28,121,101],"product_tag":[226],"class_list":{"0":"post-36584","1":"product","2":"type-product","3":"status-publish","4":"has-post-thumbnail","6":"product_cat-kresli","7":"product_cat-biroja-kresli","8":"product_cat-biroja-mebeles","9":"product_tag-mdd","11":"first","12":"instock","13":"shipping-taxable","14":"purchasable","15":"product-type-simple"},"acf":[],"_links":{"self":[{"href":"https:\/\/lightup.lv\/lt\/wp-json\/wp\/v2\/product\/36584","targetHints":{"allow":["GET"]}}],"collection":[{"href":"https:\/\/lightup.lv\/lt\/wp-json\/wp\/v2\/product"}],"about":[{"href":"https:\/\/lightup.lv\/lt\/wp-json\/wp\/v2\/types\/product"}],"wp:featuredmedia":[{"embeddable":true,"href":"https:\/\/lightup.lv\/lt\/wp-json\/wp\/v2\/media\/36585"}],"wp:attachment":[{"href":"https:\/\/lightup.lv\/lt\/wp-json\/wp\/v2\/media?parent=36584"}],"wp:term":[{"taxonomy":"product_brand","embeddable":true,"href":"https:\/\/lightup.lv\/lt\/wp-json\/wp\/v2\/product_brand?post=36584"},{"taxonomy":"product_cat","embeddable":true,"href":"https:\/\/lightup.lv\/lt\/wp-json\/wp\/v2\/product_cat?post=36584"},{"taxonomy":"product_tag","embeddable":true,"href":"https:\/\/lightup.lv\/lt\/wp-json\/wp\/v2\/product_tag?post=36584"}],"curies":[{"name":"wp","href":"https:\/\/api.w.org\/{rel}","templated":true}]}}