{"id":36612,"date":"2025-07-31T11:52:10","date_gmt":"2025-07-31T09:52:10","guid":{"rendered":"https:\/\/lightup.lv\/?post_type=product&#038;p=36612"},"modified":"2025-09-17T09:59:36","modified_gmt":"2025-09-17T07:59:36","slug":"atputas-kresls-bae-balts-bess","status":"publish","type":"product","link":"https:\/\/lightup.lv\/lt\/produktu-katalogas\/atputas-kresls-bae-balts-bess\/","title":{"rendered":"Poilsio k\u0117d\u0117 BAE, balta\/sm\u0117lin\u0117"},"content":{"rendered":"<p>Kr\u0113sla augstums: 80 cm<br \/>\nK\u0117d\u0117s plotis: 57 cm<br \/>\nKr\u0113sla dzi\u013cums: 61.5 cm<br \/>\nS\u0113des augstums: 50.5 cm<br \/>\nSpalva: balta\/sm\u0117lio spalvos<br \/>\nMed\u017eiaga: Audinys<br \/>\nSudedamas ant vienos vietos: Ne<\/p>\n<p>ID 100209206<\/p>","protected":false},"excerpt":{"rendered":"<p>Vienlaikus \u0113rts un izteiksm\u012bgs &#8211; BAE atp\u016btas kr\u0113sls izce\u013cas ar p\u0101rliecino\u0161u raksturu. Roku balsti ir maigi noapa\u013coti un veido elegantu muguras da\u013cas turpin\u0101jumu. Polster\u0113tais s\u0113deklis ar kabatas atsper\u0113m nodro\u0161ina augstu komforta l\u012bmeni, savuk\u0101rt groz\u0101m\u0101 pamatne ar autom\u0101tisko atgrie\u0161an\u0101s funkciju pie\u0161\u0137ir papildu \u0113rt\u012bbu.<\/p>","protected":false},"featured_media":36613,"template":"","meta":{"_acf_changed":false},"product_brand":[],"product_cat":[28,119,38],"product_tag":[37],"class_list":{"0":"post-36612","1":"product","2":"type-product","3":"status-publish","4":"has-post-thumbnail","6":"product_cat-kresli","7":"product_cat-atputas-kresli-kresli","8":"product_cat-kresli-pie-galda","9":"product_tag-dan-form","11":"first","12":"instock","13":"shipping-taxable","14":"purchasable","15":"product-type-simple"},"acf":[],"_links":{"self":[{"href":"https:\/\/lightup.lv\/lt\/wp-json\/wp\/v2\/product\/36612","targetHints":{"allow":["GET"]}}],"collection":[{"href":"https:\/\/lightup.lv\/lt\/wp-json\/wp\/v2\/product"}],"about":[{"href":"https:\/\/lightup.lv\/lt\/wp-json\/wp\/v2\/types\/product"}],"wp:featuredmedia":[{"embeddable":true,"href":"https:\/\/lightup.lv\/lt\/wp-json\/wp\/v2\/media\/36613"}],"wp:attachment":[{"href":"https:\/\/lightup.lv\/lt\/wp-json\/wp\/v2\/media?parent=36612"}],"wp:term":[{"taxonomy":"product_brand","embeddable":true,"href":"https:\/\/lightup.lv\/lt\/wp-json\/wp\/v2\/product_brand?post=36612"},{"taxonomy":"product_cat","embeddable":true,"href":"https:\/\/lightup.lv\/lt\/wp-json\/wp\/v2\/product_cat?post=36612"},{"taxonomy":"product_tag","embeddable":true,"href":"https:\/\/lightup.lv\/lt\/wp-json\/wp\/v2\/product_tag?post=36612"}],"curies":[{"name":"wp","href":"https:\/\/api.w.org\/{rel}","templated":true}]}}