{"id":36622,"date":"2025-07-31T11:58:51","date_gmt":"2025-07-31T09:58:51","guid":{"rendered":"https:\/\/lightup.lv\/?post_type=product&#038;p=36622"},"modified":"2025-09-17T09:59:16","modified_gmt":"2025-09-17T07:59:16","slug":"atputas-kresls-bae-bruns","status":"publish","type":"product","link":"https:\/\/lightup.lv\/lt\/precu-katalogs\/atputas-kresls-bae-bruns\/","title":{"rendered":"Lounge fotelis BAE rudas"},"content":{"rendered":"<p>K\u0117d\u0117s auk\u0161tis: 80 cm<br \/>\nK\u0117d\u0117s plotis: 57 cm<br \/>\nK\u0117d\u0117s gylis: 61,5 cm<br \/>\nS\u0117dyn\u0117s auk\u0161tis: 50,5 cm<br \/>\nSpalva: ruda<br \/>\nMed\u017eiaga: Audinys<br \/>\nSudedamas ant vienos vietos: Ne<\/p>\n<p>ID 100209203<\/p>","protected":false},"excerpt":{"rendered":"<p>Patogus ir tuo pa\u010diu i\u0161rai\u0161kingas BAE poilsio kr\u0117slas i\u0161siskiria savo tvirtu charakteriu. Porankiai yra \u0161velniai u\u017eapvalinti ir sudaro eleganti\u0161k\u0105 atlo\u0161o t\u0119sin\u012f. Pamink\u0161tinta s\u0117dyn\u0117 su ki\u0161enin\u0117mis spyruokl\u0117mis u\u017etikrina auk\u0161t\u0105 komforto lyg\u012f, o pasukamas pagrindas su automatinio gr\u0105\u017einimo funkcija suteikia papildomo patogumo.<\/p>","protected":false},"featured_media":36623,"template":"","meta":{"_acf_changed":false},"product_brand":[],"product_cat":[28,119,38,213],"product_tag":[37],"class_list":{"0":"post-36622","1":"product","2":"type-product","3":"status-publish","4":"has-post-thumbnail","6":"product_cat-kresli","7":"product_cat-atputas-kresli-kresli","8":"product_cat-kresli-pie-galda","9":"product_cat-salona-pieejams","10":"product_tag-dan-form","12":"first","13":"instock","14":"shipping-taxable","15":"purchasable","16":"product-type-simple"},"acf":[],"_links":{"self":[{"href":"https:\/\/lightup.lv\/lt\/wp-json\/wp\/v2\/product\/36622","targetHints":{"allow":["GET"]}}],"collection":[{"href":"https:\/\/lightup.lv\/lt\/wp-json\/wp\/v2\/product"}],"about":[{"href":"https:\/\/lightup.lv\/lt\/wp-json\/wp\/v2\/types\/product"}],"wp:featuredmedia":[{"embeddable":true,"href":"https:\/\/lightup.lv\/lt\/wp-json\/wp\/v2\/media\/36623"}],"wp:attachment":[{"href":"https:\/\/lightup.lv\/lt\/wp-json\/wp\/v2\/media?parent=36622"}],"wp:term":[{"taxonomy":"product_brand","embeddable":true,"href":"https:\/\/lightup.lv\/lt\/wp-json\/wp\/v2\/product_brand?post=36622"},{"taxonomy":"product_cat","embeddable":true,"href":"https:\/\/lightup.lv\/lt\/wp-json\/wp\/v2\/product_cat?post=36622"},{"taxonomy":"product_tag","embeddable":true,"href":"https:\/\/lightup.lv\/lt\/wp-json\/wp\/v2\/product_tag?post=36622"}],"curies":[{"name":"wp","href":"https:\/\/api.w.org\/{rel}","templated":true}]}}