{"id":36632,"date":"2025-07-31T12:07:27","date_gmt":"2025-07-31T10:07:27","guid":{"rendered":"https:\/\/lightup.lv\/?post_type=product&#038;p=36632"},"modified":"2025-11-11T10:56:42","modified_gmt":"2025-11-11T08:56:42","slug":"atputas-kresls-bae-pelekbruns","status":"publish","type":"product","link":"https:\/\/lightup.lv\/lt\/precu-katalogs\/atputas-kresls-bae-pelekbruns\/","title":{"rendered":"Poilsio kr\u0117slas BAE pilkai rudas"},"content":{"rendered":"<p>K\u0117d\u0117s auk\u0161tis: 80 cm<br \/>\nK\u0117d\u0117s plotis: 57 cm<br \/>\nK\u0117d\u0117s gylis: 61,5 cm<br \/>\nS\u0117dyn\u0117s auk\u0161tis: 50,5 cm<br \/>\nKr\u0101sa: Pel\u0113kbr\u016bna<br \/>\nMed\u017eiaga: Audinys<br \/>\nSudedamas ant vienos vietos: Ne<\/p>\n<p>ID 100209201<\/p>","protected":false},"excerpt":{"rendered":"<p>Patogus ir tuo pa\u010diu i\u0161rai\u0161kingas BAE poilsio kr\u0117slas i\u0161siskiria savo tvirtu charakteriu. Porankiai yra \u0161velniai u\u017eapvalinti ir sudaro eleganti\u0161k\u0105 atlo\u0161o t\u0119sin\u012f. Pamink\u0161tinta s\u0117dyn\u0117 su ki\u0161enin\u0117mis spyruokl\u0117mis u\u017etikrina auk\u0161t\u0105 komforto lyg\u012f, o pasukamas pagrindas su automatinio gr\u0105\u017einimo funkcija suteikia papildomo patogumo.<\/p>","protected":false},"featured_media":36633,"template":"","meta":{"_acf_changed":false},"product_brand":[],"product_cat":[28,119,38],"product_tag":[37],"class_list":{"0":"post-36632","1":"product","2":"type-product","3":"status-publish","4":"has-post-thumbnail","6":"product_cat-kresli","7":"product_cat-atputas-kresli-kresli","8":"product_cat-kresli-pie-galda","9":"product_tag-dan-form","11":"first","12":"instock","13":"shipping-taxable","14":"purchasable","15":"product-type-simple"},"acf":[],"_links":{"self":[{"href":"https:\/\/lightup.lv\/lt\/wp-json\/wp\/v2\/product\/36632","targetHints":{"allow":["GET"]}}],"collection":[{"href":"https:\/\/lightup.lv\/lt\/wp-json\/wp\/v2\/product"}],"about":[{"href":"https:\/\/lightup.lv\/lt\/wp-json\/wp\/v2\/types\/product"}],"wp:featuredmedia":[{"embeddable":true,"href":"https:\/\/lightup.lv\/lt\/wp-json\/wp\/v2\/media\/36633"}],"wp:attachment":[{"href":"https:\/\/lightup.lv\/lt\/wp-json\/wp\/v2\/media?parent=36632"}],"wp:term":[{"taxonomy":"product_brand","embeddable":true,"href":"https:\/\/lightup.lv\/lt\/wp-json\/wp\/v2\/product_brand?post=36632"},{"taxonomy":"product_cat","embeddable":true,"href":"https:\/\/lightup.lv\/lt\/wp-json\/wp\/v2\/product_cat?post=36632"},{"taxonomy":"product_tag","embeddable":true,"href":"https:\/\/lightup.lv\/lt\/wp-json\/wp\/v2\/product_tag?post=36632"}],"curies":[{"name":"wp","href":"https:\/\/api.w.org\/{rel}","templated":true}]}}