{"id":36642,"date":"2025-07-31T12:18:40","date_gmt":"2025-07-31T10:18:40","guid":{"rendered":"https:\/\/lightup.lv\/?post_type=product&#038;p=36642"},"modified":"2025-09-17T09:56:03","modified_gmt":"2025-09-17T07:56:03","slug":"kresls-zed-peleks","status":"publish","type":"product","link":"https:\/\/lightup.lv\/lt\/precu-katalogs\/kresls-zed-peleks\/","title":{"rendered":"K\u0117d\u0117 ZED pilka"},"content":{"rendered":"<p>K\u0117d\u0117s auk\u0161tis: 81,5 cm<br \/>\nK\u0117d\u0117s plotis: 54 cm<br \/>\nK\u0117d\u0117s gylis: 56 cm<br \/>\nS\u0117dyn\u0117s auk\u0161tis: 47 cm<br \/>\nSpalva: pilka<br \/>\nMed\u017eiaga: Audinys<br \/>\nSudedamas ant vienos vietos: Taip<\/p>\n<p>ID 100103117<\/p>","protected":false},"excerpt":{"rendered":"<p class=\"sr-only\">ZED<span style=\"font-size: 16px;\"> kr\u0113sls, kas rad\u012bts <\/span><em style=\"font-size: 16px;\" data-start=\"23\" data-end=\"43\">Steffensen &amp; W\u00fcrtz<\/em><span style=\"font-size: 16px;\"> d\u0101\u0146u dizaina studij\u0101, apvieno 1950. gadu klasikas iedvesmotus akcentus ar m\u016bsdien\u012bgu vieglumu. Slaidas met\u0101la k\u0101jas p\u0101riet elegantos roku balstos, kas turpin\u0101s ap muguras da\u013cu, radot vizu\u0101li peldo\u0161u efektu. L\u012bnijas ir stingras, ta\u010du kop\u0113jais siluets \u2013 viegls un harmonisks. <\/span>ZED<span style=\"font-size: 16px;\"> kolekcij\u0101 ietilpst kr\u0113sli, b\u0101ra un pusb\u0101ra kr\u0113sli, k\u0101 ar\u012b atp\u016btas kr\u0113sli.<\/span><\/p>","protected":false},"featured_media":36643,"template":"","meta":{"_acf_changed":false},"product_brand":[],"product_cat":[28,38,213],"product_tag":[37],"class_list":{"0":"post-36642","1":"product","2":"type-product","3":"status-publish","4":"has-post-thumbnail","6":"product_cat-kresli","7":"product_cat-kresli-pie-galda","8":"product_cat-salona-pieejams","9":"product_tag-dan-form","11":"first","12":"instock","13":"shipping-taxable","14":"purchasable","15":"product-type-simple"},"acf":[],"_links":{"self":[{"href":"https:\/\/lightup.lv\/lt\/wp-json\/wp\/v2\/product\/36642","targetHints":{"allow":["GET"]}}],"collection":[{"href":"https:\/\/lightup.lv\/lt\/wp-json\/wp\/v2\/product"}],"about":[{"href":"https:\/\/lightup.lv\/lt\/wp-json\/wp\/v2\/types\/product"}],"wp:featuredmedia":[{"embeddable":true,"href":"https:\/\/lightup.lv\/lt\/wp-json\/wp\/v2\/media\/36643"}],"wp:attachment":[{"href":"https:\/\/lightup.lv\/lt\/wp-json\/wp\/v2\/media?parent=36642"}],"wp:term":[{"taxonomy":"product_brand","embeddable":true,"href":"https:\/\/lightup.lv\/lt\/wp-json\/wp\/v2\/product_brand?post=36642"},{"taxonomy":"product_cat","embeddable":true,"href":"https:\/\/lightup.lv\/lt\/wp-json\/wp\/v2\/product_cat?post=36642"},{"taxonomy":"product_tag","embeddable":true,"href":"https:\/\/lightup.lv\/lt\/wp-json\/wp\/v2\/product_tag?post=36642"}],"curies":[{"name":"wp","href":"https:\/\/api.w.org\/{rel}","templated":true}]}}