{"id":36650,"date":"2025-07-31T12:40:15","date_gmt":"2025-07-31T10:40:15","guid":{"rendered":"https:\/\/lightup.lv\/?post_type=product&#038;p=36650"},"modified":"2025-11-11T10:55:28","modified_gmt":"2025-11-11T08:55:28","slug":"pusbara-kresls-glam-bruns-rotejoss","status":"publish","type":"product","link":"https:\/\/lightup.lv\/lt\/precu-katalogs\/pusbara-kresls-glam-bruns-rotejoss\/","title":{"rendered":"Baro k\u0117d\u0117 GLAM ruda, besisukanti"},"content":{"rendered":"<p>K\u0117d\u0117s auk\u0161tis: 94,5 cm<br \/>\nK\u0117d\u0117s plotis: 49 cm<br \/>\nK\u0117d\u0117s gylis: 58 cm<br \/>\nS\u0117dyn\u0117s auk\u0161tis: 67,5 cm<br \/>\nSpalva: ruda<br \/>\nMed\u017eiaga: Audinys<br \/>\nSudedamas ant vienos vietos: Ne<\/p>\n<p>ID 300308304<\/p>","protected":false},"excerpt":{"rendered":"<p>GLAM baro k\u0117d\u0117 spinduliuoja elegancija ir rafinuotumu. \u0160velniai i\u0161lenkta s\u0117dyn\u0117 suteikia dizainui prabangos, o kampuotos kojel\u0117s su patogia automatinio gr\u0105\u017einimo funkcija \u2013 papildomo prakti\u0161kumo. Stilingas ir patogus sprendimas naudoti prie virtuv\u0117s stalvir\u0161i\u0173 arba \u017eemesni\u0173 baro stal\u0173. GLAM kolekcij\u0105 sudaro k\u0117d\u0117s, baro ir baro k\u0117d\u0117s, poilsio foteliai, pakojai ir biuro k\u0117d\u0117s.<\/p>","protected":false},"featured_media":36651,"template":"","meta":{"_acf_changed":false},"product_brand":[],"product_cat":[28,41],"product_tag":[37],"class_list":{"0":"post-36650","1":"product","2":"type-product","3":"status-publish","4":"has-post-thumbnail","6":"product_cat-kresli","7":"product_cat-pusbara-kresli","8":"product_tag-dan-form","10":"first","11":"instock","12":"shipping-taxable","13":"purchasable","14":"product-type-simple"},"acf":[],"_links":{"self":[{"href":"https:\/\/lightup.lv\/lt\/wp-json\/wp\/v2\/product\/36650","targetHints":{"allow":["GET"]}}],"collection":[{"href":"https:\/\/lightup.lv\/lt\/wp-json\/wp\/v2\/product"}],"about":[{"href":"https:\/\/lightup.lv\/lt\/wp-json\/wp\/v2\/types\/product"}],"wp:featuredmedia":[{"embeddable":true,"href":"https:\/\/lightup.lv\/lt\/wp-json\/wp\/v2\/media\/36651"}],"wp:attachment":[{"href":"https:\/\/lightup.lv\/lt\/wp-json\/wp\/v2\/media?parent=36650"}],"wp:term":[{"taxonomy":"product_brand","embeddable":true,"href":"https:\/\/lightup.lv\/lt\/wp-json\/wp\/v2\/product_brand?post=36650"},{"taxonomy":"product_cat","embeddable":true,"href":"https:\/\/lightup.lv\/lt\/wp-json\/wp\/v2\/product_cat?post=36650"},{"taxonomy":"product_tag","embeddable":true,"href":"https:\/\/lightup.lv\/lt\/wp-json\/wp\/v2\/product_tag?post=36650"}],"curies":[{"name":"wp","href":"https:\/\/api.w.org\/{rel}","templated":true}]}}