{"id":36745,"date":"2025-08-25T11:47:50","date_gmt":"2025-08-25T09:47:50","guid":{"rendered":"https:\/\/lightup.lv\/?post_type=product&#038;p=36745"},"modified":"2025-09-09T09:23:17","modified_gmt":"2025-09-09T07:23:17","slug":"dune-35-iekarinama-lampa-peleka","status":"publish","type":"product","link":"https:\/\/lightup.lv\/lt\/precu-katalogs\/dune-35-iekarinama-lampa-peleka\/","title":{"rendered":"DUNE 35 pakabinamas \u0161viestuvas, pilkas"},"content":{"rendered":"<p>LED, 4 W, 570 lm, 2700 K<br \/>\nA: maks. 2000<br \/>\nSkersmuo: 350 mm<br \/>\nKr\u0101sa: Pel\u0113ka (RAL 7032)<br \/>\nMed\u017eiaga: <span class=\"Y2IQFc\" lang=\"lv\">Aliuminis\/polikarbonatas<\/span><\/p>\n<p>ID A4821010PG<\/p>","protected":false},"excerpt":{"rendered":"<p>\u201eArkoslight\u201c kiekvien\u0105 dien\u0105 siekia pasi\u016blyti Jums geriausios \u012fmanomos kokyb\u0117s ap\u0161vietim\u0105. Produktai yra kruop\u0161\u010diai tiriami, juos kuriant naudojamos naujausios technologijos, o jiems b\u016bdingas puikus dizainas, atitinkantis auk\u0161\u010diausius kokyb\u0117s tikslus. \u0160viesa yra pagrindinis \u012fmon\u0117s elementas nuo 1984 m., kasdien \u0161viesinantis klient\u0173 gyvenim\u0105.<\/p>","protected":false},"featured_media":36746,"template":"","meta":{"_acf_changed":false},"product_brand":[],"product_cat":[42,43],"product_tag":[123],"class_list":{"0":"post-36745","1":"product","2":"type-product","3":"status-publish","4":"has-post-thumbnail","6":"product_cat-apgaismojums","7":"product_cat-piekaramas-lampas","8":"product_tag-arkoslight","10":"first","11":"instock","12":"shipping-taxable","13":"purchasable","14":"product-type-simple"},"acf":[],"_links":{"self":[{"href":"https:\/\/lightup.lv\/lt\/wp-json\/wp\/v2\/product\/36745","targetHints":{"allow":["GET"]}}],"collection":[{"href":"https:\/\/lightup.lv\/lt\/wp-json\/wp\/v2\/product"}],"about":[{"href":"https:\/\/lightup.lv\/lt\/wp-json\/wp\/v2\/types\/product"}],"wp:featuredmedia":[{"embeddable":true,"href":"https:\/\/lightup.lv\/lt\/wp-json\/wp\/v2\/media\/36746"}],"wp:attachment":[{"href":"https:\/\/lightup.lv\/lt\/wp-json\/wp\/v2\/media?parent=36745"}],"wp:term":[{"taxonomy":"product_brand","embeddable":true,"href":"https:\/\/lightup.lv\/lt\/wp-json\/wp\/v2\/product_brand?post=36745"},{"taxonomy":"product_cat","embeddable":true,"href":"https:\/\/lightup.lv\/lt\/wp-json\/wp\/v2\/product_cat?post=36745"},{"taxonomy":"product_tag","embeddable":true,"href":"https:\/\/lightup.lv\/lt\/wp-json\/wp\/v2\/product_tag?post=36745"}],"curies":[{"name":"wp","href":"https:\/\/api.w.org\/{rel}","templated":true}]}}