{"id":36758,"date":"2025-08-26T11:02:48","date_gmt":"2025-08-26T09:02:48","guid":{"rendered":"https:\/\/lightup.lv\/?post_type=product&#038;p=36758"},"modified":"2025-08-26T11:02:49","modified_gmt":"2025-08-26T09:02:49","slug":"sienine-lempa-doris-auksine","status":"publish","type":"product","link":"https:\/\/lightup.lv\/lt\/precu-katalogs\/sienas-lampa-doris-zelta\/","title":{"rendered":"Sieninis \u0161viestuvas Doris, auksinis"},"content":{"rendered":"<p>6 W \u0161viesos diodas 220\u2013240 V<br \/>\n354 lm IP20 3000K<br \/>\nMatmenys: \u00d8: 15, gylis: 11,6 cm<\/p>\n<p>ID 9540281<\/p>","protected":false},"excerpt":{"rendered":"<p>\u201eNova Luce\u201c \u2013 Graikijos \u0161viestuv\u0173 gamintoja, nuo 2007 m. si\u016blanti novatori\u0161kus ir esteti\u0161kai i\u0161puosel\u0117tus \u0161viestuvus Graikijos ir Europos rinkoms. Derindama dizain\u0105, men\u0105 ir verslo patirt\u012f, \u012fmon\u0117 kuria modernius ir auk\u0161tos kokyb\u0117s sprendimus, kurie \u0161vies\u0105 padaro prieinam\u0105, \u012fkvepian\u010di\u0105 ir paver\u010dia erdv\u0119 ypatinga vieta.<\/p>","protected":false},"featured_media":36759,"template":"","meta":{"_acf_changed":false},"product_brand":[],"product_cat":[42,49],"product_tag":[227],"class_list":{"0":"post-36758","1":"product","2":"type-product","3":"status-publish","4":"has-post-thumbnail","6":"product_cat-apgaismojums","7":"product_cat-sienas-lampas","8":"product_tag-nova-luce","10":"first","11":"instock","12":"shipping-taxable","13":"purchasable","14":"product-type-simple"},"acf":[],"_links":{"self":[{"href":"https:\/\/lightup.lv\/lt\/wp-json\/wp\/v2\/product\/36758","targetHints":{"allow":["GET"]}}],"collection":[{"href":"https:\/\/lightup.lv\/lt\/wp-json\/wp\/v2\/product"}],"about":[{"href":"https:\/\/lightup.lv\/lt\/wp-json\/wp\/v2\/types\/product"}],"wp:featuredmedia":[{"embeddable":true,"href":"https:\/\/lightup.lv\/lt\/wp-json\/wp\/v2\/media\/36759"}],"wp:attachment":[{"href":"https:\/\/lightup.lv\/lt\/wp-json\/wp\/v2\/media?parent=36758"}],"wp:term":[{"taxonomy":"product_brand","embeddable":true,"href":"https:\/\/lightup.lv\/lt\/wp-json\/wp\/v2\/product_brand?post=36758"},{"taxonomy":"product_cat","embeddable":true,"href":"https:\/\/lightup.lv\/lt\/wp-json\/wp\/v2\/product_cat?post=36758"},{"taxonomy":"product_tag","embeddable":true,"href":"https:\/\/lightup.lv\/lt\/wp-json\/wp\/v2\/product_tag?post=36758"}],"curies":[{"name":"wp","href":"https:\/\/api.w.org\/{rel}","templated":true}]}}