{"id":36810,"date":"2025-08-26T13:15:51","date_gmt":"2025-08-26T11:15:51","guid":{"rendered":"https:\/\/lightup.lv\/?post_type=product&#038;p=36810"},"modified":"2025-08-26T13:44:04","modified_gmt":"2025-08-26T11:44:04","slug":"sienine-lempa-mangata","status":"publish","type":"product","link":"https:\/\/lightup.lv\/lt\/produktu-katalogas\/sienine-lempa-mangata\/","title":{"rendered":"Sienin\u0117 lempa Mangata"},"content":{"rendered":"<p>7 W \u0161viesos diodas, 250 lm, 3000 K<br \/>\nMatmenys: \u00d8: 250, plotis: 300 mm<br \/>\nSpalva: juoda<br \/>\nMed\u017eiaga: metalas<\/p>\n<p>ID MOD387WL-L8CH3K<\/p>","protected":false},"excerpt":{"rendered":"<p>\u201eMaytoni\u201c \u2013 tai vokie\u010di\u0173 \u012fmon\u0117, nuo 2009 m. populiari 32 \u0161alyse. \u201eMaytoni\u201c misija \u2013 gaminti \u0161viestuvus, pasi\u017eymin\u010dius skirting\u0173 stili\u0173, unikalaus dizaino, tobul\u0173 proporcij\u0173 ir mading\u0173, funkcionali\u0173 sprendim\u0173 deriniu. \u201eMaytoni\u201c si\u016blo tiek vidaus, tiek lauko, dekoratyvin\u012f ir technin\u012f ap\u0161vietim\u0105, kuris sukuria skoningus dizaino sprendimus ir atmosfer\u0105 su blizgesiu. \u201eLightUp\u201c tiesiogiai bendradarbiauja su \u201eMaytoni\u201c ir pristatys jus dominan\u010dius \u201eMaytoni\u201c gaminius.<\/p>","protected":false},"featured_media":36811,"template":"","meta":{"_acf_changed":false},"product_brand":[],"product_cat":[42,49],"product_tag":[82],"class_list":{"0":"post-36810","1":"product","2":"type-product","3":"status-publish","4":"has-post-thumbnail","6":"product_cat-apgaismojums","7":"product_cat-sienas-lampas","8":"product_tag-maytoni","10":"first","11":"instock","12":"shipping-taxable","13":"purchasable","14":"product-type-simple"},"acf":[],"_links":{"self":[{"href":"https:\/\/lightup.lv\/lt\/wp-json\/wp\/v2\/product\/36810","targetHints":{"allow":["GET"]}}],"collection":[{"href":"https:\/\/lightup.lv\/lt\/wp-json\/wp\/v2\/product"}],"about":[{"href":"https:\/\/lightup.lv\/lt\/wp-json\/wp\/v2\/types\/product"}],"wp:featuredmedia":[{"embeddable":true,"href":"https:\/\/lightup.lv\/lt\/wp-json\/wp\/v2\/media\/36811"}],"wp:attachment":[{"href":"https:\/\/lightup.lv\/lt\/wp-json\/wp\/v2\/media?parent=36810"}],"wp:term":[{"taxonomy":"product_brand","embeddable":true,"href":"https:\/\/lightup.lv\/lt\/wp-json\/wp\/v2\/product_brand?post=36810"},{"taxonomy":"product_cat","embeddable":true,"href":"https:\/\/lightup.lv\/lt\/wp-json\/wp\/v2\/product_cat?post=36810"},{"taxonomy":"product_tag","embeddable":true,"href":"https:\/\/lightup.lv\/lt\/wp-json\/wp\/v2\/product_tag?post=36810"}],"curies":[{"name":"wp","href":"https:\/\/api.w.org\/{rel}","templated":true}]}}