{"id":36892,"date":"2025-09-09T13:41:51","date_gmt":"2025-09-09T11:41:51","guid":{"rendered":"https:\/\/lightup.lv\/?post_type=product&#038;p=36892"},"modified":"2025-09-09T13:42:21","modified_gmt":"2025-09-09T11:42:21","slug":"darba-galds-viga-vaditajam","status":"publish","type":"product","link":"https:\/\/lightup.lv\/lt\/precu-katalogs\/darba-galds-viga-vaditajam\/","title":{"rendered":"Darbastalis \u201eViga\u201c, skirtas vadovui"},"content":{"rendered":"<p>Vad\u012bt\u0101ja galds.<\/p>\n<p>Galda augstums: 740 mm<br \/>\nGalda platums: 1800 mm<br \/>\nGalda dzi\u013cums: 1000 mm<br \/>\nKr\u0101sa: Melna, br\u016bna<\/p>\n<p>! Pieejami mater\u0101lu, kr\u0101su izm\u0113ru varianti.<\/p>\n<p>ID V03LM<\/p>","protected":false},"excerpt":{"rendered":"<p data-start=\"64\" data-end=\"307\">Viga vad\u012bt\u0101ja galds\u00a0ir rad\u012bts, lai darba vieta b\u016btu atv\u0113rta un draudz\u012bga \u2013 tas nodro\u0161ina komfortu gan lietot\u0101jam, gan viesim. Dizains ir funkcion\u0101ls un vienk\u0101r\u0161s, izvairoties no liekiem elementiem un p\u0101rslogotas darba vides.<\/p>\n<p data-start=\"64\" data-end=\"307\">Galds pieejams vair\u0101kos izm\u0113ros ar iesp\u0113ju pievienot s\u0101nu skap\u012bti dokumentu un kancelejas piederumu glab\u0101\u0161anai. T\u0101 konstrukcijas pamat\u0101 ir ikonisk\u0101 ekstrud\u0113t\u0101 alum\u012bnija sija, kas galdam pie\u0161\u0137ir vieglumu un vienlaikus augstu iztur\u012bbu.<\/p>","protected":false},"featured_media":36897,"template":"","meta":{"_acf_changed":false},"product_brand":[],"product_cat":[101,165,103,22],"product_tag":[226],"class_list":{"0":"post-36892","1":"product","2":"type-product","3":"status-publish","4":"has-post-thumbnail","6":"product_cat-biroja-mebeles","7":"product_cat-biroja-galdi","8":"product_cat-darba-galdi","9":"product_cat-galdi","10":"product_tag-mdd","12":"first","13":"instock","14":"shipping-taxable","15":"purchasable","16":"product-type-simple"},"acf":[],"_links":{"self":[{"href":"https:\/\/lightup.lv\/lt\/wp-json\/wp\/v2\/product\/36892","targetHints":{"allow":["GET"]}}],"collection":[{"href":"https:\/\/lightup.lv\/lt\/wp-json\/wp\/v2\/product"}],"about":[{"href":"https:\/\/lightup.lv\/lt\/wp-json\/wp\/v2\/types\/product"}],"wp:featuredmedia":[{"embeddable":true,"href":"https:\/\/lightup.lv\/lt\/wp-json\/wp\/v2\/media\/36897"}],"wp:attachment":[{"href":"https:\/\/lightup.lv\/lt\/wp-json\/wp\/v2\/media?parent=36892"}],"wp:term":[{"taxonomy":"product_brand","embeddable":true,"href":"https:\/\/lightup.lv\/lt\/wp-json\/wp\/v2\/product_brand?post=36892"},{"taxonomy":"product_cat","embeddable":true,"href":"https:\/\/lightup.lv\/lt\/wp-json\/wp\/v2\/product_cat?post=36892"},{"taxonomy":"product_tag","embeddable":true,"href":"https:\/\/lightup.lv\/lt\/wp-json\/wp\/v2\/product_tag?post=36892"}],"curies":[{"name":"wp","href":"https:\/\/api.w.org\/{rel}","templated":true}]}}