{"id":36974,"date":"2025-09-13T13:46:36","date_gmt":"2025-09-13T11:46:36","guid":{"rendered":"https:\/\/lightup.lv\/?post_type=product&#038;p=36974"},"modified":"2025-09-13T13:47:46","modified_gmt":"2025-09-13T11:47:46","slug":"nagano-kede","status":"publish","type":"product","link":"https:\/\/lightup.lv\/lt\/precu-katalogs\/kresls-nagano\/","title":{"rendered":"Nagano k\u0117d\u0117"},"content":{"rendered":"<p>Kr\u0113sla garums: 50 cm<\/p>\n<p>Kr\u0113sla platums: 51 cm<\/p>\n<p>Kr\u0113sla augstums: 85 cm<\/p>\n<p>Kr\u0113sla s\u0113d\u012btes augstums: 46 cm<\/p>\n<article class=\"text-token-text-primary w-full focus:outline-none scroll-mt-[calc(var(--header-height)+min(200px,max(70px,20svh)))]\" dir=\"auto\" tabindex=\"-1\" data-turn-id=\"request-WEB:2a535211-2c5a-4d72-969f-58709989f807-5\" data-testid=\"conversation-turn-12\" data-scroll-anchor=\"true\" data-turn=\"assistant\">\n<div class=\"text-base my-auto mx-auto pb-10 [--thread-content-margin:--spacing(4)] thread-sm:[--thread-content-margin:--spacing(6)] thread-lg:[--thread-content-margin:--spacing(16)] px-(--thread-content-margin)\">\n<div class=\"[--thread-content-max-width:40rem] thread-sm:[--thread-content-max-width:40rem] thread-lg:[--thread-content-max-width:48rem] mx-auto max-w-(--thread-content-max-width) flex-1 group\/turn-messages focus-visible:outline-hidden relative flex w-full min-w-0 flex-col agent-turn\" tabindex=\"-1\">\n<div class=\"flex max-w-full flex-col grow\">\n<div class=\"min-h-8 text-message relative flex w-full flex-col items-end gap-2 text-start break-words whitespace-normal [.text-message+&amp;]:mt-5\" dir=\"auto\" data-message-author-role=\"assistant\" data-message-id=\"b58e8991-e9aa-41dc-b276-0a6ee18e54e7\" data-message-model-slug=\"gpt-5\">\n<div class=\"flex w-full flex-col gap-1 empty:hidden first:pt-[3px]\">\n<div class=\"markdown prose dark:prose-invert w-full break-words light markdown-new-styling\">\n<article class=\"text-token-text-primary w-full focus:outline-none scroll-mt-[calc(var(--header-height)+min(200px,max(70px,20svh)))]\" dir=\"auto\" tabindex=\"-1\" data-turn-id=\"2bd14a16-d958-4cd1-b831-9d8ed86a372d\" data-testid=\"conversation-turn-22\" data-scroll-anchor=\"true\" data-turn=\"assistant\">\n<div class=\"text-base my-auto mx-auto pb-10 [--thread-content-margin:--spacing(4)] thread-sm:[--thread-content-margin:--spacing(6)] thread-lg:[--thread-content-margin:--spacing(16)] px-(--thread-content-margin)\">\n<div class=\"[--thread-content-max-width:40rem] thread-sm:[--thread-content-max-width:40rem] thread-lg:[--thread-content-max-width:48rem] mx-auto max-w-(--thread-content-max-width) flex-1 group\/turn-messages focus-visible:outline-hidden relative flex w-full min-w-0 flex-col agent-turn\" tabindex=\"-1\">\n<div class=\"flex max-w-full flex-col grow\">\n<div class=\"min-h-8 text-message relative flex w-full flex-col items-end gap-2 text-start break-words whitespace-normal [.text-message+&amp;]:mt-5\" dir=\"auto\" data-message-author-role=\"assistant\" data-message-id=\"b416c91e-75cf-4621-be34-f0459a384f1a\" data-message-model-slug=\"gpt-5-mini\">\n<div class=\"flex w-full flex-col gap-1 empty:hidden first:pt-[3px]\">\n<div class=\"markdown prose dark:prose-invert w-full break-words light markdown-new-styling\">\n<p data-start=\"0\" data-end=\"199\" data-is-last-node=\"\" data-is-only-node=\"\">R\u0101mis un k\u0101jas no ozola mas\u012bvkoka. S\u0113dvieta un atzveltne no sapl\u0101k\u0161\u0146a. Atzveltnes priek\u0161puse un aizmugure no ozolkoka finiera. B\u0113\u0161as kr\u0101sas polipropil\u0113na audums.<br data-start=\"161\" data-end=\"164\" \/>Auduma sast\u0101vs: 100% polipropil\u0113ns.<\/p>\n<\/div>\n<\/div>\n<\/div>\n<\/div>\n<\/div>\n<\/div>\n<\/article>\n<\/div>\n<\/div>\n<\/div>\n<\/div>\n<\/div>\n<\/div>\n<\/article>\n<p>! P\u0101rdodas tikai 2 vien\u012bbu komplekt\u0101.<\/p>\n<p>ID: 119429<\/p>\n","protected":false},"excerpt":{"rendered":"<p>\u201eNagano\u201c k\u0117d\u0117 pagaminta i\u0161 med\u017eio masyvo su rudai lakuotu \u0105\u017euolo pavir\u0161iumi ir sm\u0117lio spalvos audiniu. Stilinga, patogi ir stabili k\u0117d\u0117. K\u0117d\u0117 priklauso \u201eNagano\u201c serijai ir yra \u012fvairi\u0173 spalv\u0173. Serijoje taip pat yra valgomojo stalas. Parduodama tik 2 vnt. komplekte.<\/p>","protected":false},"featured_media":36976,"template":"","meta":{"_acf_changed":false},"product_brand":[],"product_cat":[28,38],"product_tag":[218],"class_list":{"0":"post-36974","1":"product","2":"type-product","3":"status-publish","4":"has-post-thumbnail","6":"product_cat-kresli","7":"product_cat-kresli-pie-galda","8":"product_tag-rowico","10":"first","11":"instock","12":"shipping-taxable","13":"purchasable","14":"product-type-simple"},"acf":[],"_links":{"self":[{"href":"https:\/\/lightup.lv\/lt\/wp-json\/wp\/v2\/product\/36974","targetHints":{"allow":["GET"]}}],"collection":[{"href":"https:\/\/lightup.lv\/lt\/wp-json\/wp\/v2\/product"}],"about":[{"href":"https:\/\/lightup.lv\/lt\/wp-json\/wp\/v2\/types\/product"}],"wp:featuredmedia":[{"embeddable":true,"href":"https:\/\/lightup.lv\/lt\/wp-json\/wp\/v2\/media\/36976"}],"wp:attachment":[{"href":"https:\/\/lightup.lv\/lt\/wp-json\/wp\/v2\/media?parent=36974"}],"wp:term":[{"taxonomy":"product_brand","embeddable":true,"href":"https:\/\/lightup.lv\/lt\/wp-json\/wp\/v2\/product_brand?post=36974"},{"taxonomy":"product_cat","embeddable":true,"href":"https:\/\/lightup.lv\/lt\/wp-json\/wp\/v2\/product_cat?post=36974"},{"taxonomy":"product_tag","embeddable":true,"href":"https:\/\/lightup.lv\/lt\/wp-json\/wp\/v2\/product_tag?post=36974"}],"curies":[{"name":"wp","href":"https:\/\/api.w.org\/{rel}","templated":true}]}}