{"id":37065,"date":"2025-09-29T15:43:44","date_gmt":"2025-09-29T13:43:44","guid":{"rendered":"https:\/\/lightup.lv\/?post_type=product&#038;p=37065"},"modified":"2025-09-29T15:43:45","modified_gmt":"2025-09-29T13:43:45","slug":"zemapmetuma-magnetiska-sliede-2m-2","status":"publish","type":"product","link":"https:\/\/lightup.lv\/lt\/produktu-katalogas\/zemapmetuma-magnetiska-sliede-2m-2\/","title":{"rendered":"Zemapmetuma magn\u0113tisk\u0101 sliede, 2m"},"content":{"rendered":"<p>P: 6,8 cm<br \/>\nG: 200 cm<br \/>\nH: 5,5 cm<br \/>\nSpalva: balta<\/p>\n<p>ID: MT0024<\/p>","protected":false},"excerpt":{"rendered":"<p>Maxlight ir uz\u0146\u0113mums ar vair\u0101k nek\u0101 desmit gadu pieredzi apgaismojuma nodro\u0161in\u0101\u0161an\u0101, kas p\u0101rsteidz un iedvesmo ar drosm\u012bgu dizainu un bezgal\u012bg\u0101m izk\u0101rtojuma iesp\u0113j\u0101m. Pied\u0101v\u0101jot da\u017e\u0101du stilu gaismek\u013cus, kas ieder\u0113s jebkur\u0101 dizain\u0101.<\/p>","protected":false},"featured_media":37066,"template":"","meta":{"_acf_changed":false},"product_brand":[],"product_cat":[42,217,219],"product_tag":[44],"class_list":{"0":"post-37065","1":"product","2":"type-product","3":"status-publish","4":"has-post-thumbnail","6":"product_cat-apgaismojums","7":"product_cat-magnetiskas-sliezu-sistemas-on-off","8":"product_cat-magnetiskas-sliezu-sistemas-zigbee","9":"product_tag-maxlight","11":"first","12":"instock","13":"shipping-taxable","14":"purchasable","15":"product-type-simple"},"acf":[],"_links":{"self":[{"href":"https:\/\/lightup.lv\/lt\/wp-json\/wp\/v2\/product\/37065","targetHints":{"allow":["GET"]}}],"collection":[{"href":"https:\/\/lightup.lv\/lt\/wp-json\/wp\/v2\/product"}],"about":[{"href":"https:\/\/lightup.lv\/lt\/wp-json\/wp\/v2\/types\/product"}],"wp:featuredmedia":[{"embeddable":true,"href":"https:\/\/lightup.lv\/lt\/wp-json\/wp\/v2\/media\/37066"}],"wp:attachment":[{"href":"https:\/\/lightup.lv\/lt\/wp-json\/wp\/v2\/media?parent=37065"}],"wp:term":[{"taxonomy":"product_brand","embeddable":true,"href":"https:\/\/lightup.lv\/lt\/wp-json\/wp\/v2\/product_brand?post=37065"},{"taxonomy":"product_cat","embeddable":true,"href":"https:\/\/lightup.lv\/lt\/wp-json\/wp\/v2\/product_cat?post=37065"},{"taxonomy":"product_tag","embeddable":true,"href":"https:\/\/lightup.lv\/lt\/wp-json\/wp\/v2\/product_tag?post=37065"}],"curies":[{"name":"wp","href":"https:\/\/api.w.org\/{rel}","templated":true}]}}