{"id":37385,"date":"2026-03-13T14:25:06","date_gmt":"2026-03-13T12:25:06","guid":{"rendered":"https:\/\/lightup.lv\/?post_type=product&#038;p=37385"},"modified":"2026-03-13T14:25:09","modified_gmt":"2026-03-13T12:25:09","slug":"kresls-buckle-bess","status":"publish","type":"product","link":"https:\/\/lightup.lv\/lt\/produktu-katalogas\/kresls-buckle-bess\/","title":{"rendered":"Kr\u0113sls BUCKLE, b\u0113\u0161s"},"content":{"rendered":"<p>K\u0117d\u0117s auk\u0161tis: 82,5 cm<br \/>\nK\u0117d\u0117s plotis: 57 cm<br \/>\nK\u0117d\u0117s gylis: 58,5 cm<br \/>\nS\u0117dyn\u0117s auk\u0161tis: 47,5 cm<br \/>\nSpalva: B<span class=\"Y2IQFc\" lang=\"lv\">\u0113\u0161a<\/span><br \/>\nMed\u017eiaga: B<span class=\"Y2IQFc\" lang=\"lv\">ukle audinys, rie\u0161utmed\u017eio masyvas ir fanera<\/span><br \/>\n<em><span class=\"Y2IQFc\" lang=\"lv\">(Frosted almond boucl\u00e9 fabric)<\/span><\/em><br \/>\nSudedamas ant vienos vietos: Ne<\/p>\n<p>ID 100300103<\/p>","protected":false},"excerpt":{"rendered":"<p>Futuristinio eleganti\u0161kumo BUCKLE k\u0117d\u0117 pasi\u017eymi lieto med\u017eio atlo\u0161u, kuris sukuria lengvumo ir erdvumo poj\u016bt\u012f. Med\u017eio masyvo kojel\u0117s papildo rafinuot\u0105 dizain\u0105, tod\u0117l ji vizualiai patraukli ir ypatinga.<\/p>","protected":false},"featured_media":37387,"template":"","meta":{"_acf_changed":false},"product_brand":[],"product_cat":[28,38],"product_tag":[37],"class_list":{"0":"post-37385","1":"product","2":"type-product","3":"status-publish","4":"has-post-thumbnail","6":"product_cat-kresli","7":"product_cat-kresli-pie-galda","8":"product_tag-dan-form","10":"first","11":"instock","12":"shipping-taxable","13":"purchasable","14":"product-type-simple"},"acf":[],"_links":{"self":[{"href":"https:\/\/lightup.lv\/lt\/wp-json\/wp\/v2\/product\/37385","targetHints":{"allow":["GET"]}}],"collection":[{"href":"https:\/\/lightup.lv\/lt\/wp-json\/wp\/v2\/product"}],"about":[{"href":"https:\/\/lightup.lv\/lt\/wp-json\/wp\/v2\/types\/product"}],"wp:featuredmedia":[{"embeddable":true,"href":"https:\/\/lightup.lv\/lt\/wp-json\/wp\/v2\/media\/37387"}],"wp:attachment":[{"href":"https:\/\/lightup.lv\/lt\/wp-json\/wp\/v2\/media?parent=37385"}],"wp:term":[{"taxonomy":"product_brand","embeddable":true,"href":"https:\/\/lightup.lv\/lt\/wp-json\/wp\/v2\/product_brand?post=37385"},{"taxonomy":"product_cat","embeddable":true,"href":"https:\/\/lightup.lv\/lt\/wp-json\/wp\/v2\/product_cat?post=37385"},{"taxonomy":"product_tag","embeddable":true,"href":"https:\/\/lightup.lv\/lt\/wp-json\/wp\/v2\/product_tag?post=37385"}],"curies":[{"name":"wp","href":"https:\/\/api.w.org\/{rel}","templated":true}]}}