{"id":38328,"date":"2026-05-08T14:38:24","date_gmt":"2026-05-08T12:38:24","guid":{"rendered":"https:\/\/lightup.lv\/?post_type=product&#038;p=38328"},"modified":"2026-05-08T14:38:57","modified_gmt":"2026-05-08T12:38:57","slug":"sedmebele-confetti-2","status":"publish","type":"product","link":"https:\/\/lightup.lv\/lt\/precu-katalogs\/sedmebele-confetti-2\/","title":{"rendered":"S\u0113dm\u0113bele Confetti"},"content":{"rendered":"<p>Izm\u0113rs: 106x35x45 cm<br \/>\n<span class=\"Y2IQFc\" lang=\"lv\">Med\u017eiaga: <\/span><span class=\"Y2IQFc\" lang=\"lv\">Finier\u0113ts, lakots, balin\u0101ts ozols. Met\u0101la deta\u013cas.<\/span><br \/>\n<span class=\"Y2IQFc\" lang=\"lv\">Kr\u0101sa: Balin\u0101ts\/melns<\/span><\/p>\n<p>ID 103767<\/p>","protected":false},"excerpt":{"rendered":"<p>Rowico Home ir zviedru m\u0113be\u013cu ra\u017eot\u0101js, kas specializ\u0113jas skandin\u0101vu dizaina m\u0113bel\u0113s \u2013 galdos, kr\u0113slos, d\u012bv\u0101nos, uzglab\u0101\u0161anas un \u0113damistabas m\u0113bel\u0113s, \u012bpa\u0161u uzman\u012bbu piev\u0113r\u0161ot kvalit\u0101tei un ilgtsp\u0113jai. Rowico Home produkcija ir paz\u012bstama ar modernu dizainu, dab\u012bgiem materi\u0101liem un FSC sertific\u0113tiem risin\u0101jumiem.<\/p>","protected":false},"featured_media":38329,"template":"","meta":{"_acf_changed":false},"product_brand":[],"product_cat":[30,112],"product_tag":[218],"class_list":{"0":"post-38328","1":"product","2":"type-product","3":"status-publish","4":"has-post-thumbnail","6":"product_cat-korpusa-mebeles","7":"product_cat-prieksnama-mebeles","8":"product_tag-rowico","10":"first","11":"instock","12":"shipping-taxable","13":"purchasable","14":"product-type-simple"},"acf":[],"_links":{"self":[{"href":"https:\/\/lightup.lv\/lt\/wp-json\/wp\/v2\/product\/38328","targetHints":{"allow":["GET"]}}],"collection":[{"href":"https:\/\/lightup.lv\/lt\/wp-json\/wp\/v2\/product"}],"about":[{"href":"https:\/\/lightup.lv\/lt\/wp-json\/wp\/v2\/types\/product"}],"wp:featuredmedia":[{"embeddable":true,"href":"https:\/\/lightup.lv\/lt\/wp-json\/wp\/v2\/media\/38329"}],"wp:attachment":[{"href":"https:\/\/lightup.lv\/lt\/wp-json\/wp\/v2\/media?parent=38328"}],"wp:term":[{"taxonomy":"product_brand","embeddable":true,"href":"https:\/\/lightup.lv\/lt\/wp-json\/wp\/v2\/product_brand?post=38328"},{"taxonomy":"product_cat","embeddable":true,"href":"https:\/\/lightup.lv\/lt\/wp-json\/wp\/v2\/product_cat?post=38328"},{"taxonomy":"product_tag","embeddable":true,"href":"https:\/\/lightup.lv\/lt\/wp-json\/wp\/v2\/product_tag?post=38328"}],"curies":[{"name":"wp","href":"https:\/\/api.w.org\/{rel}","templated":true}]}}