{"id":38364,"date":"2026-05-08T15:38:42","date_gmt":"2026-05-08T13:38:42","guid":{"rendered":"https:\/\/lightup.lv\/?post_type=product&#038;p=38364"},"modified":"2026-05-08T15:38:44","modified_gmt":"2026-05-08T13:38:44","slug":"stavlampa-arcos-lp1-melna","status":"publish","type":"product","link":"https:\/\/lightup.lv\/lt\/precu-katalogs\/stavlampa-arcos-lp1-melna\/","title":{"rendered":"St\u0101vlampa ARCOS LP1, melna"},"content":{"rendered":"<p>Spuldze GX53x1, max 10W<br \/>\nH: 1500 mm<br \/>\n\u00d8: 440 mm<br \/>\nSpalva: juoda<br \/>\n\u012e komplekt\u0105 \u012feina lemput\u0117: <strong>Ne\u012fskai\u010diuota<\/strong><br \/>\nMed\u017eiaga: metalas<\/p>\n<p>ID 1468\/1<\/p>","protected":false},"excerpt":{"rendered":"<p>EMIBIG ir po\u013cu apgaismojuma ra\u017eot\u0101js, kas apvieno modernu dizainu ar praktiskiem interjera risin\u0101jumiem. Uz\u0146\u0113muma pied\u0101v\u0101jum\u0101 ir griestu, piekaram\u0101s, sienas un galda lampas da\u017e\u0101diem m\u0101jok\u013ca stiliem &#8211; no lakoniska skandin\u0101vu dizaina l\u012bdz industri\u0101lai est\u0113tikai. EMIBIG produkcija izce\u013cas ar p\u0101rdom\u0101t\u0101m form\u0101m, pla\u0161u izv\u0113li un kvalitat\u012bvu ra\u017eo\u0161anu Eirop\u0101.<\/p>","protected":false},"featured_media":38365,"template":"","meta":{"_acf_changed":false},"product_brand":[],"product_cat":[42,213,61],"product_tag":[236],"class_list":{"0":"post-38364","1":"product","2":"type-product","3":"status-publish","4":"has-post-thumbnail","6":"product_cat-apgaismojums","7":"product_cat-salona-pieejams","8":"product_cat-stavlampas","9":"product_tag-emibig","11":"first","12":"instock","13":"shipping-taxable","14":"purchasable","15":"product-type-simple"},"acf":[],"_links":{"self":[{"href":"https:\/\/lightup.lv\/lt\/wp-json\/wp\/v2\/product\/38364","targetHints":{"allow":["GET"]}}],"collection":[{"href":"https:\/\/lightup.lv\/lt\/wp-json\/wp\/v2\/product"}],"about":[{"href":"https:\/\/lightup.lv\/lt\/wp-json\/wp\/v2\/types\/product"}],"wp:featuredmedia":[{"embeddable":true,"href":"https:\/\/lightup.lv\/lt\/wp-json\/wp\/v2\/media\/38365"}],"wp:attachment":[{"href":"https:\/\/lightup.lv\/lt\/wp-json\/wp\/v2\/media?parent=38364"}],"wp:term":[{"taxonomy":"product_brand","embeddable":true,"href":"https:\/\/lightup.lv\/lt\/wp-json\/wp\/v2\/product_brand?post=38364"},{"taxonomy":"product_cat","embeddable":true,"href":"https:\/\/lightup.lv\/lt\/wp-json\/wp\/v2\/product_cat?post=38364"},{"taxonomy":"product_tag","embeddable":true,"href":"https:\/\/lightup.lv\/lt\/wp-json\/wp\/v2\/product_tag?post=38364"}],"curies":[{"name":"wp","href":"https:\/\/api.w.org\/{rel}","templated":true}]}}