{"id":4129,"date":"2020-05-26T13:09:53","date_gmt":"2020-05-26T13:09:53","guid":{"rendered":"https:\/\/lightup.lv\/product\/kresls-ar-roku-balstiem-vevi\/"},"modified":"2024-01-29T11:01:32","modified_gmt":"2024-01-29T11:01:32","slug":"kresls-ar-roku-balstiem-vevi","status":"publish","type":"product","link":"https:\/\/lightup.lv\/lt\/precu-katalogs\/kresls-ar-roku-balstiem-vevi\/","title":{"rendered":"K\u0117d\u0117 su porankiais Vevi"},"content":{"rendered":"<p>Spalva: juoda\/tikmed\u017eio spalva<br \/>\nGarums: 66 cm<br \/>\nPlotis: 86 cm<br \/>\nAugstums: 95 cm<br \/>\nS\u0117dyn\u0117s auk\u0161tis: 40 cm<\/p>\n<p>Kr\u0113sls ar roku balstiem vasaras terasei.<\/p>\n<p>ID 1208-8<\/p>","protected":false},"excerpt":{"rendered":"<p>Eleganti\u0161kas, modernus dizainas \u2013 geriausias pasirinkimas. \u201eVevi\u201c kolekcijoje yra proporcingas valgomojo stalas i\u0161 tikmed\u017eio, skirtas 6\u20138 \u017emon\u0117ms ir patogioms k\u0117d\u0117ms. Asortiment\u0105 taip pat sudaro saul\u0117s gultai, staliukas suoliuku, poilsio k\u0117d\u0117s ir patrauklus \u017eemas staliukas.<br \/>\nProjekt\u0113jis Dick Bj\u00f6rk.<\/p>","protected":false},"featured_media":4130,"template":"","meta":{"_acf_changed":false},"product_brand":[],"product_cat":[80,73,50],"product_tag":[52],"class_list":{"0":"post-4129","1":"product","2":"type-product","3":"status-publish","4":"has-post-thumbnail","6":"product_cat-atputas-kresli","7":"product_cat-divani-terases","8":"product_cat-terases-mebeles","9":"product_tag-brafab","11":"first","12":"instock","13":"shipping-taxable","14":"purchasable","15":"product-type-simple"},"acf":[],"_links":{"self":[{"href":"https:\/\/lightup.lv\/lt\/wp-json\/wp\/v2\/product\/4129","targetHints":{"allow":["GET"]}}],"collection":[{"href":"https:\/\/lightup.lv\/lt\/wp-json\/wp\/v2\/product"}],"about":[{"href":"https:\/\/lightup.lv\/lt\/wp-json\/wp\/v2\/types\/product"}],"wp:featuredmedia":[{"embeddable":true,"href":"https:\/\/lightup.lv\/lt\/wp-json\/wp\/v2\/media\/4130"}],"wp:attachment":[{"href":"https:\/\/lightup.lv\/lt\/wp-json\/wp\/v2\/media?parent=4129"}],"wp:term":[{"taxonomy":"product_brand","embeddable":true,"href":"https:\/\/lightup.lv\/lt\/wp-json\/wp\/v2\/product_brand?post=4129"},{"taxonomy":"product_cat","embeddable":true,"href":"https:\/\/lightup.lv\/lt\/wp-json\/wp\/v2\/product_cat?post=4129"},{"taxonomy":"product_tag","embeddable":true,"href":"https:\/\/lightup.lv\/lt\/wp-json\/wp\/v2\/product_tag?post=4129"}],"curies":[{"name":"wp","href":"https:\/\/api.w.org\/{rel}","templated":true}]}}