{"id":4137,"date":"2020-05-26T13:33:40","date_gmt":"2020-05-26T13:33:40","guid":{"rendered":"https:\/\/lightup.lv\/product\/saulosanas-kresls-vevi\/"},"modified":"2024-01-29T08:14:51","modified_gmt":"2024-01-29T08:14:51","slug":"saulosanas-kresls-vevi","status":"publish","type":"product","link":"https:\/\/lightup.lv\/lt\/precu-katalogs\/saulosanas-kresls-vevi\/","title":{"rendered":"Saul\u0117s gultas Vevi"},"content":{"rendered":"<p>Spalva: juoda\/tikmed\u017eio spalva<br \/>\nGarums: 202 cm<br \/>\nPlatums: 64 cm<br \/>\nAugstums: 104 cm<br \/>\nS\u0113des augstums: 35 cm<\/p>\n<p>Regul\u0113jams Sau\u013co\u0161an\u0101s kr\u0113sls Vevi.<\/p>\n<p>ID 1198-8<\/p>","protected":false},"excerpt":{"rendered":"<p>Eleganti\u0161kas, modernus dizainas \u2013 geriausias pasirinkimas. \u201eVevi\u201c kolekcijoje yra proporcingas valgomojo stalas i\u0161 tikmed\u017eio, skirtas 6\u20138 \u017emon\u0117ms ir patogioms k\u0117d\u0117ms. Asortiment\u0105 taip pat sudaro saul\u0117s gultai, staliukas suoliuku, poilsio k\u0117d\u0117s ir patrauklus \u017eemas staliukas.<br \/>\nSuk\u016br\u0117 <strong>Dickas Bj\u00f6rkas.<\/strong><\/p>","protected":false},"featured_media":4138,"template":"","meta":{"_acf_changed":false},"product_brand":[],"product_cat":[80,51,50,59],"product_tag":[52],"class_list":{"0":"post-4137","1":"product","2":"type-product","3":"status-publish","4":"has-post-thumbnail","6":"product_cat-atputas-kresli","7":"product_cat-kresli-terases-mebeles","8":"product_cat-terases-mebeles","9":"product_cat-zvilni","10":"product_tag-brafab","12":"first","13":"instock","14":"shipping-taxable","15":"purchasable","16":"product-type-simple"},"acf":[],"_links":{"self":[{"href":"https:\/\/lightup.lv\/lt\/wp-json\/wp\/v2\/product\/4137","targetHints":{"allow":["GET"]}}],"collection":[{"href":"https:\/\/lightup.lv\/lt\/wp-json\/wp\/v2\/product"}],"about":[{"href":"https:\/\/lightup.lv\/lt\/wp-json\/wp\/v2\/types\/product"}],"wp:featuredmedia":[{"embeddable":true,"href":"https:\/\/lightup.lv\/lt\/wp-json\/wp\/v2\/media\/4138"}],"wp:attachment":[{"href":"https:\/\/lightup.lv\/lt\/wp-json\/wp\/v2\/media?parent=4137"}],"wp:term":[{"taxonomy":"product_brand","embeddable":true,"href":"https:\/\/lightup.lv\/lt\/wp-json\/wp\/v2\/product_brand?post=4137"},{"taxonomy":"product_cat","embeddable":true,"href":"https:\/\/lightup.lv\/lt\/wp-json\/wp\/v2\/product_cat?post=4137"},{"taxonomy":"product_tag","embeddable":true,"href":"https:\/\/lightup.lv\/lt\/wp-json\/wp\/v2\/product_tag?post=4137"}],"curies":[{"name":"wp","href":"https:\/\/api.w.org\/{rel}","templated":true}]}}