{"id":4147,"date":"2020-05-26T13:55:10","date_gmt":"2020-05-26T13:55:10","guid":{"rendered":"https:\/\/lightup.lv\/product\/solins-ara-terasei-vevi\/"},"modified":"2024-01-29T08:11:13","modified_gmt":"2024-01-29T08:11:13","slug":"solins-ara-terasei-vevi","status":"publish","type":"product","link":"https:\/\/lightup.lv\/lt\/precu-katalogs\/solins-ara-terasei-vevi\/","title":{"rendered":"Suoliukas lauko terasai Vevi"},"content":{"rendered":"<p>Spalva: juoda\/tikmed\u017eio spalva<br \/>\nGarums: 120 cm<br \/>\nPlatums: 40 cm<br \/>\nAugstums: 46 cm<br \/>\nSuoliukas lauko terasai Vevi<\/p>\n<p>ID 1204<\/p>","protected":false},"excerpt":{"rendered":"<p>Eleganti\u0161kas, modernus dizainas \u2013 geriausias pasirinkimas. \u201eVevi\u201c kolekcijoje yra proporcingas valgomojo stalas i\u0161 tikmed\u017eio, skirtas 6\u20138 \u017emon\u0117ms ir patogioms k\u0117d\u0117ms. Asortiment\u0105 taip pat sudaro saul\u0117s gultai, staliukas suoliuku, poilsio k\u0117d\u0117s ir patrauklus \u017eemas staliukas.<br \/>\nSuk\u016br\u0117 <strong>Dickas Bj\u00f6rkas.<\/strong><\/p>","protected":false},"featured_media":4148,"template":"","meta":{"_acf_changed":false},"product_brand":[],"product_cat":[80,73,50],"product_tag":[52],"class_list":{"0":"post-4147","1":"product","2":"type-product","3":"status-publish","4":"has-post-thumbnail","6":"product_cat-atputas-kresli","7":"product_cat-divani-terases","8":"product_cat-terases-mebeles","9":"product_tag-brafab","11":"first","12":"instock","13":"shipping-taxable","14":"purchasable","15":"product-type-simple"},"acf":[],"_links":{"self":[{"href":"https:\/\/lightup.lv\/lt\/wp-json\/wp\/v2\/product\/4147","targetHints":{"allow":["GET"]}}],"collection":[{"href":"https:\/\/lightup.lv\/lt\/wp-json\/wp\/v2\/product"}],"about":[{"href":"https:\/\/lightup.lv\/lt\/wp-json\/wp\/v2\/types\/product"}],"wp:featuredmedia":[{"embeddable":true,"href":"https:\/\/lightup.lv\/lt\/wp-json\/wp\/v2\/media\/4148"}],"wp:attachment":[{"href":"https:\/\/lightup.lv\/lt\/wp-json\/wp\/v2\/media?parent=4147"}],"wp:term":[{"taxonomy":"product_brand","embeddable":true,"href":"https:\/\/lightup.lv\/lt\/wp-json\/wp\/v2\/product_brand?post=4147"},{"taxonomy":"product_cat","embeddable":true,"href":"https:\/\/lightup.lv\/lt\/wp-json\/wp\/v2\/product_cat?post=4147"},{"taxonomy":"product_tag","embeddable":true,"href":"https:\/\/lightup.lv\/lt\/wp-json\/wp\/v2\/product_tag?post=4147"}],"curies":[{"name":"wp","href":"https:\/\/api.w.org\/{rel}","templated":true}]}}