{"id":4241,"date":"2020-06-12T19:02:27","date_gmt":"2020-06-12T19:02:27","guid":{"rendered":"https:\/\/lightup.lv\/product\/kresls-ar-roku-balstiem-amesdale\/"},"modified":"2024-01-29T08:05:00","modified_gmt":"2024-01-29T08:05:00","slug":"fotelis-su-porankiais-amesdale","status":"publish","type":"product","link":"https:\/\/lightup.lv\/lt\/precu-katalogs\/kresls-ar-roku-balstiem-amesdale\/","title":{"rendered":"K\u0117d\u0117 su porankiais Amesdale"},"content":{"rendered":"<p>Spalva: \u0161viesiai pilka antracito<br \/>\nPlotis: 92 cm<br \/>\nIlgis: 102 cm<br \/>\nAuk\u0161tis: 75 cm<br \/>\nS\u0117dyn\u0117s auk\u0161tis: 39 cm<\/p>\n<p>K\u0117d\u0117 su porankiais Amesdale<\/p>\n<p>ID 1191-7-07<\/p>","protected":false},"excerpt":{"rendered":"<p>Didingai pritaikyta minimalistin\u0117 poilsio bald\u0173 grup\u0117. Serij\u0105 sudaro: trij\u0173 viet\u0173 sofa, patogus fotelis ir kavos staliukas su tikmed\u017eio stalvir\u0161iu ir prakti\u0161ka lentyna apa\u010dioje. Dizaineris Hugo de Ruiters.<\/p>","protected":false},"featured_media":4242,"template":"","meta":{"_acf_changed":false},"product_brand":[],"product_cat":[80,73,51,50],"product_tag":[52],"class_list":{"0":"post-4241","1":"product","2":"type-product","3":"status-publish","4":"has-post-thumbnail","6":"product_cat-atputas-kresli","7":"product_cat-divani-terases","8":"product_cat-kresli-terases-mebeles","9":"product_cat-terases-mebeles","10":"product_tag-brafab","12":"first","13":"instock","14":"shipping-taxable","15":"purchasable","16":"product-type-simple"},"acf":[],"_links":{"self":[{"href":"https:\/\/lightup.lv\/lt\/wp-json\/wp\/v2\/product\/4241","targetHints":{"allow":["GET"]}}],"collection":[{"href":"https:\/\/lightup.lv\/lt\/wp-json\/wp\/v2\/product"}],"about":[{"href":"https:\/\/lightup.lv\/lt\/wp-json\/wp\/v2\/types\/product"}],"wp:featuredmedia":[{"embeddable":true,"href":"https:\/\/lightup.lv\/lt\/wp-json\/wp\/v2\/media\/4242"}],"wp:attachment":[{"href":"https:\/\/lightup.lv\/lt\/wp-json\/wp\/v2\/media?parent=4241"}],"wp:term":[{"taxonomy":"product_brand","embeddable":true,"href":"https:\/\/lightup.lv\/lt\/wp-json\/wp\/v2\/product_brand?post=4241"},{"taxonomy":"product_cat","embeddable":true,"href":"https:\/\/lightup.lv\/lt\/wp-json\/wp\/v2\/product_cat?post=4241"},{"taxonomy":"product_tag","embeddable":true,"href":"https:\/\/lightup.lv\/lt\/wp-json\/wp\/v2\/product_tag?post=4241"}],"curies":[{"name":"wp","href":"https:\/\/api.w.org\/{rel}","templated":true}]}}