{"id":4246,"date":"2020-06-12T19:27:05","date_gmt":"2020-06-12T19:27:05","guid":{"rendered":"https:\/\/lightup.lv\/product\/3-vietiga-sofa-amesdale\/"},"modified":"2024-02-27T15:07:39","modified_gmt":"2024-02-27T15:07:39","slug":"3-vietiga-sofa-amesdale","status":"publish","type":"product","link":"https:\/\/lightup.lv\/lt\/precu-katalogs\/3-vietiga-sofa-amesdale\/","title":{"rendered":"3 viet\u012bga sofa Amesdale"},"content":{"rendered":"<p>Spalva: \u0161viesiai pilka antracito<br \/>\nPlotis: 92 cm<br \/>\nGarums: 208 cm<br \/>\nAuk\u0161tis: 75 cm<br \/>\nS\u0117dyn\u0117s auk\u0161tis: 39 cm<\/p>\n<p>3 viet\u012bga sofa Amesdale<\/p>\n<p>ID 1193-7-07<\/p>","protected":false},"excerpt":{"rendered":"<p>Didingai pritaikyta minimalistin\u0117 poilsio bald\u0173 grup\u0117. Serij\u0105 sudaro: trij\u0173 viet\u0173 sofa, patogus fotelis ir kavos staliukas su tikmed\u017eio stalvir\u0161iu ir prakti\u0161ka lentyna apa\u010dioje. Dizaineris Hugo de Ruiters.<\/p>","protected":false},"featured_media":4247,"template":"","meta":{"_acf_changed":false},"product_brand":[],"product_cat":[73,51,50],"product_tag":[52],"class_list":{"0":"post-4246","1":"product","2":"type-product","3":"status-publish","4":"has-post-thumbnail","6":"product_cat-divani-terases","7":"product_cat-kresli-terases-mebeles","8":"product_cat-terases-mebeles","9":"product_tag-brafab","11":"first","12":"instock","13":"sale","14":"shipping-taxable","15":"purchasable","16":"product-type-simple"},"acf":[],"_links":{"self":[{"href":"https:\/\/lightup.lv\/lt\/wp-json\/wp\/v2\/product\/4246","targetHints":{"allow":["GET"]}}],"collection":[{"href":"https:\/\/lightup.lv\/lt\/wp-json\/wp\/v2\/product"}],"about":[{"href":"https:\/\/lightup.lv\/lt\/wp-json\/wp\/v2\/types\/product"}],"wp:featuredmedia":[{"embeddable":true,"href":"https:\/\/lightup.lv\/lt\/wp-json\/wp\/v2\/media\/4247"}],"wp:attachment":[{"href":"https:\/\/lightup.lv\/lt\/wp-json\/wp\/v2\/media?parent=4246"}],"wp:term":[{"taxonomy":"product_brand","embeddable":true,"href":"https:\/\/lightup.lv\/lt\/wp-json\/wp\/v2\/product_brand?post=4246"},{"taxonomy":"product_cat","embeddable":true,"href":"https:\/\/lightup.lv\/lt\/wp-json\/wp\/v2\/product_cat?post=4246"},{"taxonomy":"product_tag","embeddable":true,"href":"https:\/\/lightup.lv\/lt\/wp-json\/wp\/v2\/product_tag?post=4246"}],"curies":[{"name":"wp","href":"https:\/\/api.w.org\/{rel}","templated":true}]}}