{"id":4256,"date":"2020-06-12T19:49:32","date_gmt":"2020-06-12T19:49:32","guid":{"rendered":"https:\/\/lightup.lv\/product\/trisvietiga-sofa-zalongo\/"},"modified":"2024-01-29T08:04:36","modified_gmt":"2024-01-29T08:04:36","slug":"trisvietiga-sofa-zalongo","status":"publish","type":"product","link":"https:\/\/lightup.lv\/lt\/precu-katalogs\/trisvietiga-sofa-zalongo\/","title":{"rendered":"Tr\u012bsviet\u012bga sofa Zalongo"},"content":{"rendered":"<p>Spalva: nat\u016brali tikmed\u017eio spalva, antracito pilka<br \/>\nGarums: 187 cm<br \/>\nPlotis: 86 cm<br \/>\nAuk\u0161tis: 77 cm<br \/>\nS\u0113des augstums: 41 cm<br \/>\nTr\u012bsviet\u012bga sofa Zalongo<\/p>\n<p>ID 4286-72-73<\/p>","protected":false},"excerpt":{"rendered":"<p>Gra\u017ei ir eleganti\u0161ka terasos bald\u0173 kolekcija, kurioje panaudota auk\u0161tos kokyb\u0117s tikmed\u017eio ir antracito spalvos aliuminio kombinacija. Tiesiogin\u0117s tikmed\u017eio detal\u0117s sustiprina kokyb\u0119 ir elegancij\u0105.<\/p>","protected":false},"featured_media":4257,"template":"","meta":{"_acf_changed":false},"product_brand":[],"product_cat":[73,50],"product_tag":[52],"class_list":{"0":"post-4256","1":"product","2":"type-product","3":"status-publish","4":"has-post-thumbnail","6":"product_cat-divani-terases","7":"product_cat-terases-mebeles","8":"product_tag-brafab","10":"first","11":"instock","12":"shipping-taxable","13":"purchasable","14":"product-type-simple"},"acf":[],"_links":{"self":[{"href":"https:\/\/lightup.lv\/lt\/wp-json\/wp\/v2\/product\/4256","targetHints":{"allow":["GET"]}}],"collection":[{"href":"https:\/\/lightup.lv\/lt\/wp-json\/wp\/v2\/product"}],"about":[{"href":"https:\/\/lightup.lv\/lt\/wp-json\/wp\/v2\/types\/product"}],"wp:featuredmedia":[{"embeddable":true,"href":"https:\/\/lightup.lv\/lt\/wp-json\/wp\/v2\/media\/4257"}],"wp:attachment":[{"href":"https:\/\/lightup.lv\/lt\/wp-json\/wp\/v2\/media?parent=4256"}],"wp:term":[{"taxonomy":"product_brand","embeddable":true,"href":"https:\/\/lightup.lv\/lt\/wp-json\/wp\/v2\/product_brand?post=4256"},{"taxonomy":"product_cat","embeddable":true,"href":"https:\/\/lightup.lv\/lt\/wp-json\/wp\/v2\/product_cat?post=4256"},{"taxonomy":"product_tag","embeddable":true,"href":"https:\/\/lightup.lv\/lt\/wp-json\/wp\/v2\/product_tag?post=4256"}],"curies":[{"name":"wp","href":"https:\/\/api.w.org\/{rel}","templated":true}]}}