{"id":4259,"date":"2020-06-12T19:56:40","date_gmt":"2020-06-12T19:56:40","guid":{"rendered":"https:\/\/lightup.lv\/product\/kresls-ar-roku-balstiem-zalongo\/"},"modified":"2024-01-29T08:04:28","modified_gmt":"2024-01-29T08:04:28","slug":"kresls-ar-roku-balstiem-zalongo","status":"publish","type":"product","link":"https:\/\/lightup.lv\/lt\/precu-katalogs\/kresls-ar-roku-balstiem-zalongo\/","title":{"rendered":"K\u0117d\u0117 su porankiais Zalongo"},"content":{"rendered":"<p>Spalva: nat\u016brali tikmed\u017eio spalva, antracito pilka<br \/>\nGarums: 80 cm<br \/>\nPlotis: 86 cm<br \/>\nAuk\u0161tis: 77 cm<br \/>\nS\u0113des augstums: 41 cm<br \/>\nK\u0117d\u0117 su porankiais Zalongo<\/p>\n<p>ID 4285-72-73<\/p>","protected":false},"excerpt":{"rendered":"<p>Gra\u017ei ir eleganti\u0161ka terasos bald\u0173 kolekcija, kurioje panaudota auk\u0161tos kokyb\u0117s tikmed\u017eio ir antracito spalvos aliuminio kombinacija. Tiesiogin\u0117s tikmed\u017eio detal\u0117s sustiprina kokyb\u0119 ir elegancij\u0105.<\/p>","protected":false},"featured_media":4260,"template":"","meta":{"_acf_changed":false},"product_brand":[],"product_cat":[80,73,51,50],"product_tag":[52],"class_list":{"0":"post-4259","1":"product","2":"type-product","3":"status-publish","4":"has-post-thumbnail","6":"product_cat-atputas-kresli","7":"product_cat-divani-terases","8":"product_cat-kresli-terases-mebeles","9":"product_cat-terases-mebeles","10":"product_tag-brafab","12":"first","13":"instock","14":"shipping-taxable","15":"purchasable","16":"product-type-simple"},"acf":[],"_links":{"self":[{"href":"https:\/\/lightup.lv\/lt\/wp-json\/wp\/v2\/product\/4259","targetHints":{"allow":["GET"]}}],"collection":[{"href":"https:\/\/lightup.lv\/lt\/wp-json\/wp\/v2\/product"}],"about":[{"href":"https:\/\/lightup.lv\/lt\/wp-json\/wp\/v2\/types\/product"}],"wp:featuredmedia":[{"embeddable":true,"href":"https:\/\/lightup.lv\/lt\/wp-json\/wp\/v2\/media\/4260"}],"wp:attachment":[{"href":"https:\/\/lightup.lv\/lt\/wp-json\/wp\/v2\/media?parent=4259"}],"wp:term":[{"taxonomy":"product_brand","embeddable":true,"href":"https:\/\/lightup.lv\/lt\/wp-json\/wp\/v2\/product_brand?post=4259"},{"taxonomy":"product_cat","embeddable":true,"href":"https:\/\/lightup.lv\/lt\/wp-json\/wp\/v2\/product_cat?post=4259"},{"taxonomy":"product_tag","embeddable":true,"href":"https:\/\/lightup.lv\/lt\/wp-json\/wp\/v2\/product_tag?post=4259"}],"curies":[{"name":"wp","href":"https:\/\/api.w.org\/{rel}","templated":true}]}}