{"id":4277,"date":"2020-06-13T08:44:08","date_gmt":"2020-06-13T08:44:08","guid":{"rendered":"https:\/\/lightup.lv\/product\/divvietiga-sofa-midway\/"},"modified":"2024-01-29T08:03:27","modified_gmt":"2024-01-29T08:03:27","slug":"divvietiga-sofa-midway","status":"publish","type":"product","link":"https:\/\/lightup.lv\/lt\/produktu-katalogas\/divvietiga-sofa-midway\/","title":{"rendered":"Divviet\u012bga sofa Midway"},"content":{"rendered":"<p>Kr\u0101sa: B\u0113\u0161a\/ smil\u0161u, gai\u0161i br\u016bna\/melna<br \/>\nGarums: 138 cm<br \/>\nPlatums: 68 cm<br \/>\nAuk\u0161tis: 90 cm<br \/>\nS\u0117dyn\u0117s auk\u0161tis: 49 cm<\/p>\n<p>Divviet\u012bga sofa Midway<\/p>\n<p>ID 4002-8-21-02<\/p>","protected":false},"excerpt":{"rendered":"<p>Midway kolekcija\u00a0 ir v\u012bt\u0101 sint\u0113tisk\u0101 kr\u0113slu s\u0113rija no rotangpalmas ar maigu modernu kont\u016bru un olef\u012bna auduma spilveniem.\u00a0 Kr\u0113sli kombin\u0113jami da\u017e\u0101d\u0101s vari\u0101cij\u0101s J\u016bsu \u0113rt\u012bbai.<\/p>","protected":false},"featured_media":4278,"template":"","meta":{"_acf_changed":false},"product_brand":[],"product_cat":[73,50],"product_tag":[52],"class_list":{"0":"post-4277","1":"product","2":"type-product","3":"status-publish","4":"has-post-thumbnail","6":"product_cat-divani-terases","7":"product_cat-terases-mebeles","8":"product_tag-brafab","10":"first","11":"instock","12":"shipping-taxable","13":"purchasable","14":"product-type-simple"},"acf":[],"_links":{"self":[{"href":"https:\/\/lightup.lv\/lt\/wp-json\/wp\/v2\/product\/4277","targetHints":{"allow":["GET"]}}],"collection":[{"href":"https:\/\/lightup.lv\/lt\/wp-json\/wp\/v2\/product"}],"about":[{"href":"https:\/\/lightup.lv\/lt\/wp-json\/wp\/v2\/types\/product"}],"wp:featuredmedia":[{"embeddable":true,"href":"https:\/\/lightup.lv\/lt\/wp-json\/wp\/v2\/media\/4278"}],"wp:attachment":[{"href":"https:\/\/lightup.lv\/lt\/wp-json\/wp\/v2\/media?parent=4277"}],"wp:term":[{"taxonomy":"product_brand","embeddable":true,"href":"https:\/\/lightup.lv\/lt\/wp-json\/wp\/v2\/product_brand?post=4277"},{"taxonomy":"product_cat","embeddable":true,"href":"https:\/\/lightup.lv\/lt\/wp-json\/wp\/v2\/product_cat?post=4277"},{"taxonomy":"product_tag","embeddable":true,"href":"https:\/\/lightup.lv\/lt\/wp-json\/wp\/v2\/product_tag?post=4277"}],"curies":[{"name":"wp","href":"https:\/\/api.w.org\/{rel}","templated":true}]}}