{"id":4288,"date":"2020-06-13T10:15:57","date_gmt":"2020-06-13T10:15:57","guid":{"rendered":"https:\/\/lightup.lv\/product\/kresls-ar-roku-balstiem-chios\/"},"modified":"2024-01-18T11:58:22","modified_gmt":"2024-01-18T11:58:22","slug":"fotelis-su-porankiais-chios","status":"publish","type":"product","link":"https:\/\/lightup.lv\/lt\/precu-katalogs\/kresls-ar-roku-balstiem-chios\/","title":{"rendered":"K\u0117d\u0117 su porankiais Chios"},"content":{"rendered":"<p>Spalva: \u0161viesi tikmed\u017eio<br \/>\nIlgis: 83 cm<br \/>\nPlotis: 77 cm<br \/>\nAuk\u0161tis: 90 cm<br \/>\nS\u0117dyn\u0117s auk\u0161tis: 46 cm<\/p>\n<p>Lauko terasos k\u0117d\u0117 su porankiais i\u0161 Chios kolekcijos.<\/p>\n<p> ID 2061<\/p>","protected":false},"excerpt":{"rendered":"<p>\u201eChios\u201c poilsio bald\u0173 kolekcijoje, kurios stalvir\u0161iai pagaminti i\u0161 skersini\u0173 tikmed\u017eio lenteli\u0173, taip pat yra ma\u017ea dviviet\u0117 sofa, \u0161ezlongas ir sof\u0173 grup\u0117 i\u0161 to paties eleganti\u0161ko tikmed\u017eio dizaino. K\u0117d\u0117 pagaminta i\u0161 ner\u016bdijan\u010dio plieno.<\/p>","protected":false},"featured_media":4289,"template":"","meta":{"_acf_changed":false},"product_brand":[],"product_cat":[80,73,50],"product_tag":[],"class_list":{"0":"post-4288","1":"product","2":"type-product","3":"status-publish","4":"has-post-thumbnail","6":"product_cat-atputas-kresli","7":"product_cat-divani-terases","8":"product_cat-terases-mebeles","10":"first","11":"instock","12":"shipping-taxable","13":"purchasable","14":"product-type-simple"},"acf":[],"_links":{"self":[{"href":"https:\/\/lightup.lv\/lt\/wp-json\/wp\/v2\/product\/4288","targetHints":{"allow":["GET"]}}],"collection":[{"href":"https:\/\/lightup.lv\/lt\/wp-json\/wp\/v2\/product"}],"about":[{"href":"https:\/\/lightup.lv\/lt\/wp-json\/wp\/v2\/types\/product"}],"wp:featuredmedia":[{"embeddable":true,"href":"https:\/\/lightup.lv\/lt\/wp-json\/wp\/v2\/media\/4289"}],"wp:attachment":[{"href":"https:\/\/lightup.lv\/lt\/wp-json\/wp\/v2\/media?parent=4288"}],"wp:term":[{"taxonomy":"product_brand","embeddable":true,"href":"https:\/\/lightup.lv\/lt\/wp-json\/wp\/v2\/product_brand?post=4288"},{"taxonomy":"product_cat","embeddable":true,"href":"https:\/\/lightup.lv\/lt\/wp-json\/wp\/v2\/product_cat?post=4288"},{"taxonomy":"product_tag","embeddable":true,"href":"https:\/\/lightup.lv\/lt\/wp-json\/wp\/v2\/product_tag?post=4288"}],"curies":[{"name":"wp","href":"https:\/\/api.w.org\/{rel}","templated":true}]}}