{"id":4312,"date":"2020-10-19T07:20:15","date_gmt":"2020-10-19T07:20:15","guid":{"rendered":"https:\/\/lightup.lv\/product\/nice-desk-smoke-oak\/"},"modified":"2024-02-09T08:02:05","modified_gmt":"2024-02-09T08:02:05","slug":"nice-desk-smoke-oak","status":"publish","type":"product","link":"https:\/\/lightup.lv\/lt\/produktu-katalogas\/nice-desk-smoke-oak\/","title":{"rendered":"Nice Desk Smoke Oak"},"content":{"rendered":"<p>D\u016bmu ozolkoka finiera galda virsma ar ozola mas\u012bv\u0101m k\u0101j\u0101m, divas ozolkoka atvilktnes ar misi\u0146a klo\u0137iem. Atvilktnes iek\u0161\u0113jie izm\u0113ri ir W202 \/ D550 \/ H54mm. Atvilktnes ir bez slied\u0113m &#8211; klasisk\u0101 atvilktne. Galda virsmas aizmugur\u0113 ir viena caurule ar misi\u0146a p\u0101rkl\u0101jumu kabe\u013ciem.<\/p>\n<p>Izm\u0113rs: 140x70x75cm<\/p>\n<p>Materi\u0101ls un kr\u0101sa: D\u016bmu ozola finieris, mas\u012bvs ozols<\/p>\n<p>ID 244001021012<\/p>","protected":false},"excerpt":{"rendered":"<p>M\u0101jas darba galds :<\/p>\n<p>Izm\u0113rs: 140x70x75cm<\/p>\n<p>Materi\u0101ls un kr\u0101sa: D\u016bmu ozola finieris, mas\u012bvs ozols<\/p>","protected":false},"featured_media":4313,"template":"","meta":{"_acf_changed":false},"product_brand":[],"product_cat":[101],"product_tag":[102],"class_list":{"0":"post-4312","1":"product","2":"type-product","3":"status-publish","4":"has-post-thumbnail","6":"product_cat-biroja-mebeles","7":"product_tag-woodman","9":"first","10":"onbackorder","11":"shipping-taxable","12":"purchasable","13":"product-type-simple"},"acf":[],"_links":{"self":[{"href":"https:\/\/lightup.lv\/lt\/wp-json\/wp\/v2\/product\/4312","targetHints":{"allow":["GET"]}}],"collection":[{"href":"https:\/\/lightup.lv\/lt\/wp-json\/wp\/v2\/product"}],"about":[{"href":"https:\/\/lightup.lv\/lt\/wp-json\/wp\/v2\/types\/product"}],"wp:featuredmedia":[{"embeddable":true,"href":"https:\/\/lightup.lv\/lt\/wp-json\/wp\/v2\/media\/4313"}],"wp:attachment":[{"href":"https:\/\/lightup.lv\/lt\/wp-json\/wp\/v2\/media?parent=4312"}],"wp:term":[{"taxonomy":"product_brand","embeddable":true,"href":"https:\/\/lightup.lv\/lt\/wp-json\/wp\/v2\/product_brand?post=4312"},{"taxonomy":"product_cat","embeddable":true,"href":"https:\/\/lightup.lv\/lt\/wp-json\/wp\/v2\/product_cat?post=4312"},{"taxonomy":"product_tag","embeddable":true,"href":"https:\/\/lightup.lv\/lt\/wp-json\/wp\/v2\/product_tag?post=4312"}],"curies":[{"name":"wp","href":"https:\/\/api.w.org\/{rel}","templated":true}]}}