{"id":4327,"date":"2020-10-19T07:36:54","date_gmt":"2020-10-19T07:36:54","guid":{"rendered":"https:\/\/lightup.lv\/product\/pimlico-desk\/"},"modified":"2024-08-14T14:32:38","modified_gmt":"2024-08-14T12:32:38","slug":"pimlico-desk","status":"publish","type":"product","link":"https:\/\/lightup.lv\/lt\/produktu-katalogas\/pimlico-desk\/","title":{"rendered":"Pimlico Desk"},"content":{"rendered":"<p>Ozola finier\u0113ta, kokogli kr\u0101sota rakst\u0101mgalds, 5 m\u012bkstas, tuvu valriekstu finier\u0113tas atvilktnes, misi\u0146a k\u0101jas un rokturi. Divas dzi\u013ci m\u012bksti aizveramas atvilktnes katr\u0101 pus\u0113 (iek\u0161pus\u0113 W27 \/ D48 \/ H11cm) un viena zema (iek\u0161pus\u0113 W54 \/ D31 \/ H2,4cm) vid\u016b. K\u0101ju r\u0101mis (130x62x38cm) ir izgatavots no metin\u0101tas met\u0101la caurules (d22mm). \u012apa\u0161as formas met\u0101la rokturi (120x40x20mm). Met\u0101la deta\u013cas, kas p\u0101rkl\u0101tas ar sp\u012bd\u012bgu misi\u0146u. Augstums zem korpusa ir 38 cm s\u0101nos un 67 cm vid\u016b. Produkts ir da\u013c\u0113ji samont\u0113ts, t\u0101p\u0113c gala mont\u0101\u017ea ir \u013coti vienk\u0101r\u0161a &#8211; vienk\u0101r\u0161i j\u0101uzst\u0101da k\u0101ju r\u0101mis.<\/p>\n<p>Izm\u0113rs: 130x62x75cm<\/p>\n<p>Materi\u0101ls un kr\u0101sa: mas\u012bvkoks (kokogles, valrieksts), met\u0101ls<\/p>\n<p>ID 235001001054<\/p>","protected":false},"excerpt":{"rendered":"<p>Izm\u0113rs: 130x62x75cm<\/p>\n<p>Materi\u0101ls un kr\u0101sa: mas\u012bvkoks (kokogles, valrieksts), met\u0101ls<\/p>","protected":false},"featured_media":4328,"template":"","meta":{"_acf_changed":false},"product_brand":[],"product_cat":[101],"product_tag":[102],"class_list":{"0":"post-4327","1":"product","2":"type-product","3":"status-publish","4":"has-post-thumbnail","6":"product_cat-biroja-mebeles","7":"product_tag-woodman","9":"first","10":"onbackorder","11":"shipping-taxable","12":"purchasable","13":"product-type-simple"},"acf":[],"_links":{"self":[{"href":"https:\/\/lightup.lv\/lt\/wp-json\/wp\/v2\/product\/4327","targetHints":{"allow":["GET"]}}],"collection":[{"href":"https:\/\/lightup.lv\/lt\/wp-json\/wp\/v2\/product"}],"about":[{"href":"https:\/\/lightup.lv\/lt\/wp-json\/wp\/v2\/types\/product"}],"wp:featuredmedia":[{"embeddable":true,"href":"https:\/\/lightup.lv\/lt\/wp-json\/wp\/v2\/media\/4328"}],"wp:attachment":[{"href":"https:\/\/lightup.lv\/lt\/wp-json\/wp\/v2\/media?parent=4327"}],"wp:term":[{"taxonomy":"product_brand","embeddable":true,"href":"https:\/\/lightup.lv\/lt\/wp-json\/wp\/v2\/product_brand?post=4327"},{"taxonomy":"product_cat","embeddable":true,"href":"https:\/\/lightup.lv\/lt\/wp-json\/wp\/v2\/product_cat?post=4327"},{"taxonomy":"product_tag","embeddable":true,"href":"https:\/\/lightup.lv\/lt\/wp-json\/wp\/v2\/product_tag?post=4327"}],"curies":[{"name":"wp","href":"https:\/\/api.w.org\/{rel}","templated":true}]}}