{"id":4362,"date":"2020-10-19T07:57:03","date_gmt":"2020-10-19T07:57:03","guid":{"rendered":"https:\/\/lightup.lv\/product\/nice-desk-white\/"},"modified":"2024-02-09T08:03:44","modified_gmt":"2024-02-09T08:03:44","slug":"nice-desk-white","status":"publish","type":"product","link":"https:\/\/lightup.lv\/lt\/produktu-katalogas\/nice-desk-white\/","title":{"rendered":"Nice Desk White"},"content":{"rendered":"<p>Balt\u0101 kr\u0101s\u0101 kr\u0101sota galda virsma ar mas\u012bv\u0101m ozolkoka k\u0101j\u0101m, divas ozolkoka atvilktnes ar misi\u0146a klo\u0137iem. Atvilktnes iek\u0161\u0113jie izm\u0113ri ir W202 \/ D550 \/ H54mm. Atvilktnes ir bez slied\u0113m &#8211; klasisk\u0101 atvilktne. Galda virsmas aizmugur\u0113 ir viena caurule ar misi\u0146a p\u0101rkl\u0101jumu kabe\u013ciem.<\/p>\n<p>Izm\u0113rs: 140x70x75cm<\/p>\n<p>Materi\u0101ls un kr\u0101sa: kr\u0101sots mdf , mas\u012bvs ozols, misi\u0146\u0161, balts<\/p>\n<p>ID 244001108012<\/p>","protected":false},"excerpt":{"rendered":"<p>Izm\u0113rs: 140x70x75cm<\/p>\n<p>Materi\u0101ls un kr\u0101sa: kr\u0101sots mdf , mas\u012bvs ozols, misi\u0146\u0161, balts<\/p>","protected":false},"featured_media":4363,"template":"","meta":{"_acf_changed":false},"product_brand":[],"product_cat":[101],"product_tag":[102],"class_list":{"0":"post-4362","1":"product","2":"type-product","3":"status-publish","4":"has-post-thumbnail","6":"product_cat-biroja-mebeles","7":"product_tag-woodman","9":"first","10":"onbackorder","11":"shipping-taxable","12":"purchasable","13":"product-type-simple"},"acf":[],"_links":{"self":[{"href":"https:\/\/lightup.lv\/lt\/wp-json\/wp\/v2\/product\/4362","targetHints":{"allow":["GET"]}}],"collection":[{"href":"https:\/\/lightup.lv\/lt\/wp-json\/wp\/v2\/product"}],"about":[{"href":"https:\/\/lightup.lv\/lt\/wp-json\/wp\/v2\/types\/product"}],"wp:featuredmedia":[{"embeddable":true,"href":"https:\/\/lightup.lv\/lt\/wp-json\/wp\/v2\/media\/4363"}],"wp:attachment":[{"href":"https:\/\/lightup.lv\/lt\/wp-json\/wp\/v2\/media?parent=4362"}],"wp:term":[{"taxonomy":"product_brand","embeddable":true,"href":"https:\/\/lightup.lv\/lt\/wp-json\/wp\/v2\/product_brand?post=4362"},{"taxonomy":"product_cat","embeddable":true,"href":"https:\/\/lightup.lv\/lt\/wp-json\/wp\/v2\/product_cat?post=4362"},{"taxonomy":"product_tag","embeddable":true,"href":"https:\/\/lightup.lv\/lt\/wp-json\/wp\/v2\/product_tag?post=4362"}],"curies":[{"name":"wp","href":"https:\/\/api.w.org\/{rel}","templated":true}]}}