{"id":4375,"date":"2020-10-19T08:01:26","date_gmt":"2020-10-19T08:01:26","guid":{"rendered":"https:\/\/lightup.lv\/product\/rayburn-desk-white\/"},"modified":"2024-02-09T08:03:59","modified_gmt":"2024-02-09T08:03:59","slug":"rayburn-desk-white","status":"publish","type":"product","link":"https:\/\/lightup.lv\/lt\/produktu-katalogas\/rayburn-desk-white\/","title":{"rendered":"Rayburn Desk White"},"content":{"rendered":"<p>Balts galds ar pacelt\u0101m mal\u0101m, k\u0101jas izgatavotas no t\u0113rauda. Galda virsma ir izgatavota no skaidu pl\u0101tnes ar baltu melam\u012bnu (MFC16). Paaugstin\u0101tas galda virsmas (5 cm, no s\u0101niem samazin\u0101s l\u012bdz 3 cm) malas ir izgatavotas no kok\u0161\u0137iedras pl\u0101tnes (MDF16).<\/p>\n<p>Izm\u0113rs: 115x52x78cm<\/p>\n<p>&nbsp;<\/p>\n<p>ID 115001108162<\/p>","protected":false},"excerpt":{"rendered":"<p>Izm\u0113rs: 115x52x78cm<\/p>","protected":false},"featured_media":4376,"template":"","meta":{"_acf_changed":false},"product_brand":[],"product_cat":[101],"product_tag":[102],"class_list":{"0":"post-4375","1":"product","2":"type-product","3":"status-publish","4":"has-post-thumbnail","6":"product_cat-biroja-mebeles","7":"product_tag-woodman","9":"first","10":"onbackorder","11":"shipping-taxable","12":"purchasable","13":"product-type-simple"},"acf":[],"_links":{"self":[{"href":"https:\/\/lightup.lv\/lt\/wp-json\/wp\/v2\/product\/4375","targetHints":{"allow":["GET"]}}],"collection":[{"href":"https:\/\/lightup.lv\/lt\/wp-json\/wp\/v2\/product"}],"about":[{"href":"https:\/\/lightup.lv\/lt\/wp-json\/wp\/v2\/types\/product"}],"wp:featuredmedia":[{"embeddable":true,"href":"https:\/\/lightup.lv\/lt\/wp-json\/wp\/v2\/media\/4376"}],"wp:attachment":[{"href":"https:\/\/lightup.lv\/lt\/wp-json\/wp\/v2\/media?parent=4375"}],"wp:term":[{"taxonomy":"product_brand","embeddable":true,"href":"https:\/\/lightup.lv\/lt\/wp-json\/wp\/v2\/product_brand?post=4375"},{"taxonomy":"product_cat","embeddable":true,"href":"https:\/\/lightup.lv\/lt\/wp-json\/wp\/v2\/product_cat?post=4375"},{"taxonomy":"product_tag","embeddable":true,"href":"https:\/\/lightup.lv\/lt\/wp-json\/wp\/v2\/product_tag?post=4375"}],"curies":[{"name":"wp","href":"https:\/\/api.w.org\/{rel}","templated":true}]}}