{"id":4382,"date":"2020-10-19T08:04:47","date_gmt":"2020-10-19T08:04:47","guid":{"rendered":"https:\/\/lightup.lv\/product\/darbs-no-majam-darba-galds-majas\/"},"modified":"2024-02-09T08:04:15","modified_gmt":"2024-02-09T08:04:15","slug":"darbs-no-majam-darba-galds-majas","status":"publish","type":"product","link":"https:\/\/lightup.lv\/lt\/produktu-katalogas\/darbs-no-majam-darba-galds-majas\/","title":{"rendered":"Rayburn Desk Walnut"},"content":{"rendered":"<p>Valriekstu finier\u0113ts galds ar mas\u012bvkoka mal\u0101m, k\u0101jas izgatavotas no t\u0113rauda.<\/p>\n<p>Izm\u0113rs: 115x52x78cm<\/p>\n<p>ID 115001105162<\/p>","protected":false},"excerpt":{"rendered":"<p>Izm\u0113rs: 115x52x78cm<\/p>","protected":false},"featured_media":4383,"template":"","meta":{"_acf_changed":false},"product_brand":[],"product_cat":[101],"product_tag":[102],"class_list":{"0":"post-4382","1":"product","2":"type-product","3":"status-publish","4":"has-post-thumbnail","6":"product_cat-biroja-mebeles","7":"product_tag-woodman","9":"first","10":"onbackorder","11":"shipping-taxable","12":"purchasable","13":"product-type-simple"},"acf":[],"_links":{"self":[{"href":"https:\/\/lightup.lv\/lt\/wp-json\/wp\/v2\/product\/4382","targetHints":{"allow":["GET"]}}],"collection":[{"href":"https:\/\/lightup.lv\/lt\/wp-json\/wp\/v2\/product"}],"about":[{"href":"https:\/\/lightup.lv\/lt\/wp-json\/wp\/v2\/types\/product"}],"wp:featuredmedia":[{"embeddable":true,"href":"https:\/\/lightup.lv\/lt\/wp-json\/wp\/v2\/media\/4383"}],"wp:attachment":[{"href":"https:\/\/lightup.lv\/lt\/wp-json\/wp\/v2\/media?parent=4382"}],"wp:term":[{"taxonomy":"product_brand","embeddable":true,"href":"https:\/\/lightup.lv\/lt\/wp-json\/wp\/v2\/product_brand?post=4382"},{"taxonomy":"product_cat","embeddable":true,"href":"https:\/\/lightup.lv\/lt\/wp-json\/wp\/v2\/product_cat?post=4382"},{"taxonomy":"product_tag","embeddable":true,"href":"https:\/\/lightup.lv\/lt\/wp-json\/wp\/v2\/product_tag?post=4382"}],"curies":[{"name":"wp","href":"https:\/\/api.w.org\/{rel}","templated":true}]}}